{"id":7697,"date":"2024-05-07T16:46:31","date_gmt":"2024-05-07T14:46:31","guid":{"rendered":"https:\/\/kinboat.com\/offres-demploi\/skipper\/"},"modified":"2024-05-07T16:46:31","modified_gmt":"2024-05-07T14:46:31","slug":"skipper","status":"publish","type":"page","link":"https:\/\/kinboat.com\/fr\/offres-demploi\/skipper\/","title":{"rendered":"Skipper"},"content":{"rendered":"<p>Vous voulez le meilleur travail sur l&rsquo;eau ? Vous savez comment cr\u00e9er et maintenir l&rsquo;ambiance id\u00e9ale ? Vous avez confiance en vous et vous aimez vous mettre au travail ? Vous \u00eates flexible et disponible ? Et vous avez une apparence agr\u00e9able et repr\u00e9sentative ? Si la r\u00e9ponse \u00e0 toutes ces questions est \u00ab\u00a0OUI\u00a0\u00bb, KINboat Amsterdam vous offre le meilleur emploi saisonnier du pays ! KINboat est une entreprise jeune et innovante qui propose les croisi\u00e8res les plus amusantes sur les canaux avec des bateaux ouverts \u00e9lectriques. Notre flotte part de diff\u00e9rents endroits d&rsquo;Amsterdam. En tant que skipper, vous \u00eates responsable de l&rsquo;exp\u00e9rience des clients \u00e0 bord. Vous accueillez nos invit\u00e9s et racontez avec enthousiasme votre propre histoire sur la ville. En outre, vous veillez \u00e0 ce que le bateau soit toujours impeccable. Vous passez r\u00e9guli\u00e8rement votre temps libre sur l&rsquo;eau et vous avez des affinit\u00e9s avec la navigation de plaisance ? Dans ce cas, vous pouvez facilement rejoindre KINboat et commencer imm\u00e9diatement ! Vous n&rsquo;avez pas encore d&rsquo;exp\u00e9rience ? Pas de probl\u00e8me ! Nos coll\u00e8gues exp\u00e9riment\u00e9s se feront un plaisir de vous apprendre les ficelles du m\u00e9tier !               <\/p>\n<p>Nous vous proposons :<\/p>\n<p>&#8211; Le lieu de travail le plus agr\u00e9able au c\u0153ur d&rsquo;Amsterdam, sur et autour de l&rsquo;eau !<br \/>\n&#8211; Un contrat saisonnier conforme aux loisirs de jour du CAO<br \/>\n&#8211; Des horaires de travail flexibles ; travailler les jours qui vous conviennent<br \/>\n&#8211; La libert\u00e9 de d\u00e9terminer votre propre itin\u00e9raire et histoire de navigation.<br \/>\n&#8211; L&rsquo;accumulation de jours de navigation pour la licence de grande plaisance<br \/>\n&#8211; Les coll\u00e8gues les plus sympathiques et les plus sociables.<\/p>\n<p>Nous vous le demandons :<\/p>\n<p>&#8211; Vous \u00eates amusant, amical et enthousiaste<br \/>\n&#8211; Vous avez une bonne ma\u00eetrise de la langue anglaise<br \/>\n&#8211; Vous \u00eates repr\u00e9sentatif, soign\u00e9 et accessible<br \/>\n&#8211; Vous \u00eates flexible, m\u00eame les week-ends et les jours f\u00e9ri\u00e9s<br \/>\n&#8211; Vous \u00eates titulaire d&rsquo;un permis de navigation 1 et d&rsquo;un certificat de base pour la radio maritime, ou vous \u00eates pr\u00eat \u00e0 l&rsquo;obtenir prochainement<br \/>\n&#8211; Vous \u00eates titulaire d&rsquo;un certificat de bonne conduite (VOG) ou vous \u00eates pr\u00eat \u00e0 en faire la demande<\/p>\n<p>Vous postulez \u00e0 un emploi ? Vous avez des questions ? Envoyez un courriel \u00e0 info@kinboat.com ; nous vous r\u00e9pondrons !  <\/p>\n<p>Les skippers ind\u00e9pendants sont \u00e9galement les bienvenus !<\/p>\n","protected":false},"excerpt":{"rendered":"<p>Vous voulez le meilleur travail sur l&rsquo;eau ? Vous savez comment cr\u00e9er et maintenir l&rsquo;ambiance id\u00e9ale ? Vous avez confiance en vous et vous aimez vous mettre au travail ? Vous \u00eates flexible et disponible ? Et vous avez une apparence agr\u00e9able et repr\u00e9sentative ? Si la r\u00e9ponse \u00e0 toutes ces questions est \u00ab\u00a0OUI\u00a0\u00bb, KINboat&#8230;<\/p>\n","protected":false},"author":1,"featured_media":7680,"parent":1915,"menu_order":0,"comment_status":"closed","ping_status":"closed","template":"","meta":{"_acf_changed":false,"_improvement_type_select":"improve_an_existing","_thumb_yes_seoaic":false,"_frame_yes_seoaic":false,"seoaic_generate_description":"","seoaic_improve_instructions_prompt":"","seoaic_rollback_content_improvement":"","seoaic_idea_thumbnail_generator":"","thumbnail_generated":false,"thumbnail_generate_prompt":"","seoaic_article_description":"","footnotes":""},"class_list":["post-7697","page","type-page","status-publish","has-post-thumbnail","hentry"],"acf":[],"_links":{"self":[{"href":"https:\/\/kinboat.com\/fr\/wp-json\/wp\/v2\/pages\/7697","targetHints":{"allow":["GET"]}}],"collection":[{"href":"https:\/\/kinboat.com\/fr\/wp-json\/wp\/v2\/pages"}],"about":[{"href":"https:\/\/kinboat.com\/fr\/wp-json\/wp\/v2\/types\/page"}],"author":[{"embeddable":true,"href":"https:\/\/kinboat.com\/fr\/wp-json\/wp\/v2\/users\/1"}],"replies":[{"embeddable":true,"href":"https:\/\/kinboat.com\/fr\/wp-json\/wp\/v2\/comments?post=7697"}],"version-history":[{"count":0,"href":"https:\/\/kinboat.com\/fr\/wp-json\/wp\/v2\/pages\/7697\/revisions"}],"up":[{"embeddable":true,"href":"https:\/\/kinboat.com\/fr\/wp-json\/wp\/v2\/pages\/1915"}],"wp:featuredmedia":[{"embeddable":true,"href":"https:\/\/kinboat.com\/fr\/wp-json\/wp\/v2\/media\/7680"}],"wp:attachment":[{"href":"https:\/\/kinboat.com\/fr\/wp-json\/wp\/v2\/media?parent=7697"}],"curies":[{"name":"wp","href":"https:\/\/api.w.org\/{rel}","templated":true}]}}