{"id":7694,"date":"2026-04-01T16:30:10","date_gmt":"2026-04-01T14:30:10","guid":{"rendered":"https:\/\/kinboat.com\/offres-demploi\/hotes\/"},"modified":"2026-04-01T16:41:06","modified_gmt":"2026-04-01T14:41:06","slug":"hotes","status":"publish","type":"page","link":"https:\/\/kinboat.com\/fr\/offres-demploi\/hotes\/","title":{"rendered":"H\u00f4tes"},"content":{"rendered":"<p data-start=\"153\" data-end=\"463\">Vous vous voyez naviguer sur les canaux d&rsquo;Amsterdam et faire vivre \u00e0 vos clients une exp\u00e9rience inoubliable ? Les gens vous donnent de l&rsquo;\u00e9nergie, vous \u00eates sociable et vous aimez l&rsquo;excitation autour de vous ? Alors, c&rsquo;est votre chance ! Le KINboat Amsterdam recherche des h\u00f4tes enthousiastes \u00e0 bord pour cette saison (de mars \u00e0 octobre).   <\/p>\n<hr data-start=\"465\" data-end=\"468\">\n<h2 data-section-id=\"j76935\" data-start=\"470\" data-end=\"506\">C&rsquo;est votre responsabilit\u00e9 :<\/h2>\n<p data-start=\"508\" data-end=\"821\">En tant qu&rsquo;h\u00f4te \u00e0 bord, vous naviguerez sur les canaux d&rsquo;Amsterdam avec le skipper sur nos bateaux ouverts. Vous veillerez \u00e0 ce que nos h\u00f4tes vivent une exp\u00e9rience inoubliable. Vous accueillez les invit\u00e9s, racontez des histoires amusantes sur la ville et servez des boissons pendant la croisi\u00e8re. Vous \u00eates le visage de KINboat sur l&rsquo;eau !   <\/p>\n<hr data-start=\"823\" data-end=\"826\">\n<h2 data-section-id=\"6w6gig\" data-start=\"828\" data-end=\"861\">Voil\u00e0 ce que vous faites en une journ\u00e9e :<\/h2>\n<p data-start=\"863\" data-end=\"1278\">&#8211; Accueillir nos h\u00f4tes avec enthousiasme \u00e0 bord<br data-start=\"908\" data-end=\"911\">&#8211; Raconter des histoires sur Amsterdam et les points forts de la route<br data-start=\"978\" data-end=\"981\">&#8211; Servir des boissons et s&rsquo;assurer que tout le monde est satisfait<br data-start=\"1035\" data-end=\"1038\">&#8211; Cr\u00e9er une atmosph\u00e8re agr\u00e9able et d\u00e9tendue \u00e0 bord<br data-start=\"1091\" data-end=\"1094\">&#8211; Aider les h\u00f4tes \u00e0 monter et \u00e0 descendre du bateau<br data-start=\"1134\" data-end=\"1137\">&#8211; Travailler avec le skipper pour assurer un voyage en douceur<br data-start=\"1189\" data-end=\"1192\">&#8211; Maintenir le bateau en ordre et bien entretenu<br data-start=\"1227\" data-end=\"1230\">&#8211; Offrir \u00e0 nos h\u00f4tes la meilleure exp\u00e9rience qui soit !<\/p>\n<hr data-start=\"1280\" data-end=\"1283\">\n<h2 data-section-id=\"1esvzei\" data-start=\"1285\" data-end=\"1303\">Nous vous proposons :<\/h2>\n<p data-start=\"1305\" data-end=\"1507\">&#8211; Le meilleur emploi sur l&rsquo;eau au c\u0153ur d&rsquo;Amsterdam<br data-start=\"1359\" data-end=\"1362\">&#8211; Un salaire comp\u00e9titif et de bons pourboires<br data-start=\"1404\" data-end=\"1407\">&#8211; Des horaires de travail flexibles<br data-start=\"1429\" data-end=\"1432\">&#8211; Travailler au sein d&rsquo;une \u00e9quipe jeune et amicale<br data-start=\"1469\" data-end=\"1472\">&#8211; Les meilleures f\u00eates d&rsquo;entreprise !<\/p>\n<hr data-start=\"1509\" data-end=\"1512\">\n<h2 data-section-id=\"11ub4q3\" data-start=\"1514\" data-end=\"1536\">Nous vous le demandons :<\/h2>\n<p data-start=\"1538\" data-end=\"1936\">&#8211; Vous \u00eates sociable, \u00e9nergique et avez 18 ans ou plus<br data-start=\"1585\" data-end=\"1588\">&#8211; Vous osez parler devant un groupe<br data-start=\"1624\" data-end=\"1627\">&#8211; Vous \u00eates flexible et pouvez travailler de mani\u00e8re ind\u00e9pendante<br data-start=\"1677\" data-end=\"1680\">&#8211; Vous savez communiquer et transf\u00e9rer des informations<br data-start=\"1732\" data-end=\"1735\">&#8211; Vous ma\u00eetrisez l&rsquo;anglais (d&rsquo;autres langues sont un avantage)<br data-start=\"1812\" data-end=\"1815\">&#8211; Vous \u00eates disponible au moins 2 jours par semaine, dont 1 jour le week-end<br data-start=\"1884\" data-end=\"1887\">&#8211; Vous \u00eates dispos\u00e9 \u00e0 travailler le soir<\/p>\n<hr data-start=\"1938\" data-end=\"1941\">\n<h2 data-section-id=\"jg98gd\" data-start=\"1943\" data-end=\"1959\">Postulez ?<\/h2>\n<p data-start=\"1961\" data-end=\"2092\">Envoyez un e-mail \u00e0 <a class=\"decorated-link cursor-pointer\" rel=\"noopener\" data-start=\"1983\" data-end=\"1999\">info@kinboat.com<\/a> et expliquez-nous bri\u00e8vement qui vous \u00eates et pourquoi vous vous int\u00e9grez \u00e0 KINboat. Nous vous contacterons rapidement ! <\/p>\n","protected":false},"excerpt":{"rendered":"<p>Vous vous voyez naviguer sur les canaux d&rsquo;Amsterdam et faire vivre \u00e0 vos clients une exp\u00e9rience inoubliable ? Les gens vous donnent de l&rsquo;\u00e9nergie, vous \u00eates sociable et vous aimez l&rsquo;excitation autour de vous ? Alors, c&rsquo;est votre chance ! Le KINboat Amsterdam recherche des h\u00f4tes enthousiastes \u00e0 bord pour cette saison (de mars \u00e0&#8230;<\/p>\n","protected":false},"author":4,"featured_media":7685,"parent":1915,"menu_order":0,"comment_status":"closed","ping_status":"closed","template":"","meta":{"_acf_changed":false,"_improvement_type_select":"improve_an_existing","_thumb_yes_seoaic":false,"_frame_yes_seoaic":false,"seoaic_generate_description":"","seoaic_improve_instructions_prompt":"","seoaic_rollback_content_improvement":"","seoaic_idea_thumbnail_generator":"","thumbnail_generated":false,"thumbnail_generate_prompt":"","seoaic_article_description":"","footnotes":""},"class_list":["post-7694","page","type-page","status-publish","has-post-thumbnail","hentry"],"acf":[],"_links":{"self":[{"href":"https:\/\/kinboat.com\/fr\/wp-json\/wp\/v2\/pages\/7694","targetHints":{"allow":["GET"]}}],"collection":[{"href":"https:\/\/kinboat.com\/fr\/wp-json\/wp\/v2\/pages"}],"about":[{"href":"https:\/\/kinboat.com\/fr\/wp-json\/wp\/v2\/types\/page"}],"author":[{"embeddable":true,"href":"https:\/\/kinboat.com\/fr\/wp-json\/wp\/v2\/users\/4"}],"replies":[{"embeddable":true,"href":"https:\/\/kinboat.com\/fr\/wp-json\/wp\/v2\/comments?post=7694"}],"version-history":[{"count":1,"href":"https:\/\/kinboat.com\/fr\/wp-json\/wp\/v2\/pages\/7694\/revisions"}],"predecessor-version":[{"id":7695,"href":"https:\/\/kinboat.com\/fr\/wp-json\/wp\/v2\/pages\/7694\/revisions\/7695"}],"up":[{"embeddable":true,"href":"https:\/\/kinboat.com\/fr\/wp-json\/wp\/v2\/pages\/1915"}],"wp:featuredmedia":[{"embeddable":true,"href":"https:\/\/kinboat.com\/fr\/wp-json\/wp\/v2\/media\/7685"}],"wp:attachment":[{"href":"https:\/\/kinboat.com\/fr\/wp-json\/wp\/v2\/media?parent=7694"}],"curies":[{"name":"wp","href":"https:\/\/api.w.org\/{rel}","templated":true}]}}