{"id":7689,"date":"2024-05-07T16:47:22","date_gmt":"2024-05-07T14:47:22","guid":{"rendered":"https:\/\/kinboat.com\/offres-demploi\/steward-des-quais\/"},"modified":"2024-05-07T16:47:22","modified_gmt":"2024-05-07T14:47:22","slug":"steward-des-quais","status":"publish","type":"page","link":"https:\/\/kinboat.com\/fr\/offres-demploi\/steward-des-quais\/","title":{"rendered":"Steward des quais"},"content":{"rendered":"<p>Vous \u00eates un fonceur avec un grand sourire jusqu&rsquo;aux oreilles ? Et vous \u00eates \u00e0 la recherche du travail le plus amusant au c\u0153ur d&rsquo;Amsterdam ? Alors ne cherchez plus ! KINboat Amsterdam, la compagnie maritime la plus sympathique d&rsquo;Amsterdam, recherche de nouveaux stewards de quai pour cette saison (mars \u00e0 octobre).   <\/p>\n<p>C&rsquo;est votre responsabilit\u00e9 :<\/p>\n<p>En tant que steward de quai, vous \u00eates charg\u00e9 d&rsquo;accueillir, de guider et d&rsquo;informer nos clients sur le quai, d&rsquo;o\u00f9 partent nos bateaux. Vous vendez et contr\u00f4lez les billets et aidez nos h\u00f4tes si n\u00e9cessaire. Vous \u00eates le premier point de contact de nos invit\u00e9s et leur donnez la meilleure premi\u00e8re impression !  <\/p>\n<p>Voil\u00e0 ce que vous faites en une journ\u00e9e :<\/p>\n<p>&#8211; Accueillir et recevoir gentiment nos invit\u00e9s<br \/>\n&#8211; Vendre des billets ou v\u00e9rifier des billets<br \/>\n&#8211; Informer nos invit\u00e9s des heures de d\u00e9part<br \/>\n&#8211; Accompagner nos invit\u00e9s jusqu&rsquo;au bateau et pr\u00e9senter le skipper<br \/>\n&#8211; Aider nos invit\u00e9s \u00e0 monter et \u00e0 descendre du bateau<br \/>\n&#8211; Aider nos skippers \u00e0 garder le bateau propre<br \/>\n&#8211; Offrir \u00e0 nos invit\u00e9s la meilleure exp\u00e9rience possible !<\/p>\n<p>Nous vous proposons :<\/p>\n<p>&#8211; L&#8217;emploi le plus agr\u00e9able au c\u0153ur d&rsquo;Amsterdam<br \/>\n&#8211; Un salaire comp\u00e9titif et de bons pourboires<br \/>\n&#8211; La possibilit\u00e9 de fixer vos propres horaires de travail<br \/>\n&#8211; La possibilit\u00e9 d&rsquo;obtenir un permis bateau<br \/>\n&#8211; Les meilleures f\u00eates d&rsquo;entreprise !<\/p>\n<p>Nous vous le demandons :<\/p>\n<p>&#8211; Vous \u00eates amusant et sociable et avez 18 ans ou plus<br \/>\n&#8211; Vous \u00eates flexible et pouvez travailler de mani\u00e8re ind\u00e9pendante<br \/>\n&#8211; Vous savez planifier et travailler avec des horaires<br \/>\n&#8211; Vous savez communiquer et transf\u00e9rer des informations<br \/>\n&#8211; Vous avez une bonne ma\u00eetrise de la langue anglaise<br \/>\n&#8211; Vous \u00eates disponible au moins 2 jours par semaine, dont 1 jour de week-end<br \/>\n&#8211; Vous \u00eates dispos\u00e9 \u00e0 travailler le soir<\/p>\n<p>Vous postulez \u00e0 un emploi ? Vous avez des questions ? Envoyez un courriel \u00e0 info@kinboat.com ; nous vous r\u00e9pondrons !  <\/p>\n","protected":false},"excerpt":{"rendered":"<p>Vous \u00eates un fonceur avec un grand sourire jusqu&rsquo;aux oreilles ? Et vous \u00eates \u00e0 la recherche du travail le plus amusant au c\u0153ur d&rsquo;Amsterdam ? Alors ne cherchez plus ! KINboat Amsterdam, la compagnie maritime la plus sympathique d&rsquo;Amsterdam, recherche de nouveaux stewards de quai pour cette saison (mars \u00e0 octobre). C&rsquo;est votre responsabilit\u00e9&#8230;<\/p>\n","protected":false},"author":1,"featured_media":2062,"parent":1915,"menu_order":0,"comment_status":"closed","ping_status":"closed","template":"","meta":{"_acf_changed":false,"_improvement_type_select":"improve_an_existing","_thumb_yes_seoaic":false,"_frame_yes_seoaic":false,"seoaic_generate_description":"","seoaic_improve_instructions_prompt":"","seoaic_rollback_content_improvement":"","seoaic_idea_thumbnail_generator":"","thumbnail_generated":false,"thumbnail_generate_prompt":"","seoaic_article_description":"","footnotes":""},"class_list":["post-7689","page","type-page","status-publish","has-post-thumbnail","hentry"],"acf":[],"_links":{"self":[{"href":"https:\/\/kinboat.com\/fr\/wp-json\/wp\/v2\/pages\/7689","targetHints":{"allow":["GET"]}}],"collection":[{"href":"https:\/\/kinboat.com\/fr\/wp-json\/wp\/v2\/pages"}],"about":[{"href":"https:\/\/kinboat.com\/fr\/wp-json\/wp\/v2\/types\/page"}],"author":[{"embeddable":true,"href":"https:\/\/kinboat.com\/fr\/wp-json\/wp\/v2\/users\/1"}],"replies":[{"embeddable":true,"href":"https:\/\/kinboat.com\/fr\/wp-json\/wp\/v2\/comments?post=7689"}],"version-history":[{"count":0,"href":"https:\/\/kinboat.com\/fr\/wp-json\/wp\/v2\/pages\/7689\/revisions"}],"up":[{"embeddable":true,"href":"https:\/\/kinboat.com\/fr\/wp-json\/wp\/v2\/pages\/1915"}],"wp:featuredmedia":[{"embeddable":true,"href":"https:\/\/kinboat.com\/fr\/wp-json\/wp\/v2\/media\/2062"}],"wp:attachment":[{"href":"https:\/\/kinboat.com\/fr\/wp-json\/wp\/v2\/media?parent=7689"}],"curies":[{"name":"wp","href":"https:\/\/api.w.org\/{rel}","templated":true}]}}