{"id":1915,"date":"2024-05-07T16:42:16","date_gmt":"2024-05-07T14:42:16","guid":{"rendered":"https:\/\/kinboat.com\/vacatures\/"},"modified":"2025-04-15T14:23:23","modified_gmt":"2025-04-15T12:23:23","slug":"offres-demploi","status":"publish","type":"page","link":"https:\/\/kinboat.com\/fr\/offres-demploi\/","title":{"rendered":"Postes vacants"},"content":{"rendered":"<section class=\"l-section wpb_row height_large\"><div class=\"l-section-h i-cf\"><div class=\"g-cols vc_row via_grid cols_1 laptops-cols_inherit tablets-cols_inherit mobiles-cols_1 valign_top type_default stacking_default\"><div class=\"wpb_column vc_column_container\"><div class=\"vc_column-inner\"><div class=\"wpb_text_column\"><div class=\"wpb_wrapper\"><div class=\"block heading prose text-left\">\n<h3 class=\"h3\">Wanted : les meilleurs coll\u00e8gues pour cette saison !<\/h3>\n<\/div>\n<\/div><\/div><div class=\"w-separator size_medium\"><\/div><div class=\"wpb_text_column\"><div class=\"wpb_wrapper\"><div class=\"block heading prose text-left\">\n<p class=\"h3\">Vous souhaitez travailler dans la plus belle entreprise de canaux d&rsquo;Amstedam ? Consultez nos offres d&#8217;emploi.<\/p>\n<\/div>\n<\/div><\/div><div class=\"w-separator size_medium\"><\/div><div class=\"w-grid type_carousel layout_78 cols_3\" id=\"us_grid_1\" style=\"--gap:1.5rem;\"><style>.layout_78 .w-grid-item-h{}.layout_78 .usg_post_image_1{margin-bottom:1rem!important}.layout_78 .usg_post_title_1{font-size:24px!important;line-height:36px!important}.layout_78 .usg_post_content_1{margin-top:0.8rem!important;margin-bottom:0.8rem!important}.layout_78 .usg_text_1{color:var(--color-content-primary)!important}@media (min-width:1025px) and (max-width:1380px){.layout_78 .usg_post_image_1{margin-bottom:1rem!important}.layout_78 .usg_post_title_1{font-size:24px!important;line-height:36px!important}.layout_78 .usg_post_content_1{margin-top:0.8rem!important;margin-bottom:0.8rem!important}.layout_78 .usg_text_1{color:var(--color-content-primary)!important}}@media (min-width:601px) and (max-width:1024px){.layout_78 .usg_post_image_1{margin-bottom:1rem!important}.layout_78 .usg_post_title_1{font-size:24px!important;line-height:36px!important}.layout_78 .usg_post_content_1{margin-top:0.8rem!important;margin-bottom:0.8rem!important}.layout_78 .usg_text_1{color:var(--color-content-primary)!important}}@media (max-width:600px){.layout_78 .usg_post_image_1{margin-bottom:1rem!important}.layout_78 .usg_post_title_1{font-size:24px!important;line-height:36px!important}.layout_78 .usg_post_content_1{margin-top:0.8rem!important;margin-bottom:0.8rem!important}.layout_78 .usg_text_1{color:var(--color-content-primary)!important}}<\/style><div class=\"w-grid-list owl-carousel navstyle_circle navpos_outside\">\t<article class=\"w-grid-item post-6169 post type-post status-publish format-standard has-post-thumbnail hentry category-populaire\" data-id=\"6169\">\r\n\t\t<div class=\"w-grid-item-h\">\r\n\t\t\t\t\t\t<div class=\"w-post-elm post_image usg_post_image_1 stretched\"><a href=\"https:\/\/kinboat.com\/fr\/blog\/points-de-depart-des-croisieres-sur-les-canaux-damsterdam-et-comment-choisir-le-votre\/\" aria-label=\"Points de d\u00e9part des croisi\u00e8res sur les canaux d&rsquo;Amsterdam (et comment choisir le v\u00f4tre)\"><img fetchpriority=\"high\" decoding=\"async\" width=\"1024\" height=\"512\" src=\"https:\/\/kinboat.com\/wp-content\/uploads\/2025\/09\/kinboat-departure-central-station-prins-hendrikkade-33a-1024x512.png\" class=\"attachment-large size-large wp-post-image\" alt=\"KINboat boarding platform at Central Station, Prins Hendrikkade 33A\" srcset=\"https:\/\/kinboat.com\/wp-content\/uploads\/2025\/09\/kinboat-departure-central-station-prins-hendrikkade-33a-1024x512.png 1024w, https:\/\/kinboat.com\/wp-content\/uploads\/2025\/09\/kinboat-departure-central-station-prins-hendrikkade-33a-300x150.png 300w, https:\/\/kinboat.com\/wp-content\/uploads\/2025\/09\/kinboat-departure-central-station-prins-hendrikkade-33a.png 1200w\" sizes=\"(max-width: 1024px) 100vw, 1024px\" \/><\/a><\/div><h2 class=\"w-post-elm post_title usg_post_title_1 entry-title color_link_inherit\"><a href=\"https:\/\/kinboat.com\/fr\/blog\/points-de-depart-des-croisieres-sur-les-canaux-damsterdam-et-comment-choisir-le-votre\/\">Points de d\u00e9part des croisi\u00e8res sur les canaux d&rsquo;Amsterdam (et comment choisir le v\u00f4tre)<\/a><\/h2><div class=\"w-post-elm post_content usg_post_content_1\"><p>Les points de d\u00e9part des croisi\u00e8res sur les canaux d&rsquo;Amsterdam sont strat\u00e9giquement plac\u00e9s pr\u00e8s des principales attractions comme la gare centrale, la Maison d&rsquo;Anne Frank, Leidseplein et Damrak, pour un maximum de commodit\u00e9. Chaque emplacement offre des avantages uniques : La gare centrale offre d&rsquo;excellentes liaisons de transport, la proximit\u00e9 de la Maison d&rsquo;Anne Frank permet d&rsquo;acc\u00e9der au quartier pittoresque du Jordaan, tandis que Leidseplein dessert parfaitement le quartier des mus\u00e9es. Choisissez votre point de d\u00e9part en fonction de la proximit\u00e9 de votre h\u00e9bergement et des activit\u00e9s pr\u00e9vues pour optimiser votre exp\u00e9rience des canaux d&rsquo;Amsterdam.  <\/p>\n<\/div><div class=\"w-text usg_text_1 has_text_color\"><span class=\"w-text-h\"><span class=\"w-text-value\">EN SAVOIR PLUS<\/span><\/span><\/div>\t\t<\/div>\r\n\t<\/article>\r\n\t<article class=\"w-grid-item post-6143 post type-post status-publish format-standard has-post-thumbnail hentry category-populaire\" data-id=\"6143\">\r\n\t\t<div class=\"w-grid-item-h\">\r\n\t\t\t\t\t\t<div class=\"w-post-elm post_image usg_post_image_1 stretched\"><a href=\"https:\/\/kinboat.com\/fr\/blog\/les-croisieres-sur-les-canaux-damsterdam-valent-elles-le-coup\/\" aria-label=\"Les croisi\u00e8res sur les canaux d&rsquo;Amsterdam valent-elles le coup ?\"><img decoding=\"async\" width=\"1024\" height=\"512\" src=\"https:\/\/kinboat.com\/wp-content\/uploads\/2025\/09\/Kinboats_cruise_treeline-1024x512.png\" class=\"attachment-large size-large wp-post-image\" alt=\"Boat cruising Amsterdam canal at golden hour with historic gabled houses and tree-lined waterway\" srcset=\"https:\/\/kinboat.com\/wp-content\/uploads\/2025\/09\/Kinboats_cruise_treeline-1024x512.png 1024w, https:\/\/kinboat.com\/wp-content\/uploads\/2025\/09\/Kinboats_cruise_treeline-300x150.png 300w, https:\/\/kinboat.com\/wp-content\/uploads\/2025\/09\/Kinboats_cruise_treeline.png 1200w\" sizes=\"(max-width: 1024px) 100vw, 1024px\" \/><\/a><\/div><h2 class=\"w-post-elm post_title usg_post_title_1 entry-title color_link_inherit\"><a href=\"https:\/\/kinboat.com\/fr\/blog\/les-croisieres-sur-les-canaux-damsterdam-valent-elles-le-coup\/\">Les croisi\u00e8res sur les canaux d&rsquo;Amsterdam valent-elles le coup ?<\/a><\/h2><div class=\"w-post-elm post_content usg_post_content_1\"><p>Les croisi\u00e8res sur les canaux d&rsquo;Amsterdam offrent un rapport qualit\u00e9-prix exceptionnel gr\u00e2ce \u00e0 l&rsquo;acc\u00e8s aux voies navigables class\u00e9es au patrimoine mondial de l&rsquo;UNESCO, \u00e0 l&rsquo;avis d&rsquo;experts locaux et \u00e0 des perspectives uniques sur l&rsquo;architecture du Si\u00e8cle d&rsquo;or, impossibles \u00e0 obtenir depuis la rue. Avec des prix allant de 15 \u00e0 80 euros, ces exp\u00e9riences offrent une immersion culturelle, de superbes possibilit\u00e9s de photos et une visite efficace des principaux sites en 60 minutes. L&rsquo;investissement s&rsquo;av\u00e8re rentable lorsque vous choisissez l&rsquo;op\u00e9rateur qui correspond \u00e0 vos pr\u00e9f\u00e9rences, qu&rsquo;il s&rsquo;agisse d&rsquo;une visite de groupe \u00e0 petit prix ou d&rsquo;une exp\u00e9rience intime de premier ordre avec des commentaires en direct et des rafra\u00eechissements de qualit\u00e9.  <\/p>\n<\/div><div class=\"w-text usg_text_1 has_text_color\"><span class=\"w-text-h\"><span class=\"w-text-value\">EN SAVOIR PLUS<\/span><\/span><\/div>\t\t<\/div>\r\n\t<\/article>\r\n\t<article class=\"w-grid-item post-7641 post type-post status-publish format-standard has-post-thumbnail hentry category-non-classifiee\" data-id=\"7641\">\r\n\t\t<div class=\"w-grid-item-h\">\r\n\t\t\t\t\t\t<div class=\"w-post-elm post_image usg_post_image_1 stretched\"><a href=\"https:\/\/kinboat.com\/fr\/blog\/jour-des-rois-sloop-prive-a-amsterdam-capitaine\/\" aria-label=\"Jour des Rois sloop priv\u00e9 \u00e0 Amsterdam + capitaine\"><img decoding=\"async\" width=\"1024\" height=\"768\" src=\"https:\/\/kinboat.com\/wp-content\/uploads\/2026\/02\/amsterdam-canal-boat-kings-day-orange-celebration.webp\" class=\"attachment-large size-large wp-post-image\" alt=\"\" srcset=\"https:\/\/kinboat.com\/wp-content\/uploads\/2026\/02\/amsterdam-canal-boat-kings-day-orange-celebration.webp 1024w, https:\/\/kinboat.com\/wp-content\/uploads\/2026\/02\/amsterdam-canal-boat-kings-day-orange-celebration-300x225.webp 300w\" sizes=\"(max-width: 1024px) 100vw, 1024px\" \/><\/a><\/div><h2 class=\"w-post-elm post_title usg_post_title_1 entry-title color_link_inherit\"><a href=\"https:\/\/kinboat.com\/fr\/blog\/jour-des-rois-sloop-prive-a-amsterdam-capitaine\/\">Jour des Rois sloop priv\u00e9 \u00e0 Amsterdam + capitaine<\/a><\/h2><div class=\"w-post-elm post_content usg_post_content_1\">C\u00e9l\u00e9brez le Jour du Roi avec style gr\u00e2ce \u00e0 une croisi\u00e8re priv\u00e9e exclusive sur les canaux d&rsquo;Amsterdam avec KINboats. Pouvant accueillir jusqu&rsquo;\u00e0 30 personnes, c&rsquo;est le moyen de vivre la\u2026<\/div><div class=\"w-text usg_text_1 has_text_color\"><span class=\"w-text-h\"><span class=\"w-text-value\">EN SAVOIR PLUS<\/span><\/span><\/div>\t\t<\/div>\r\n\t<\/article>\r\n\t<article class=\"w-grid-item post-7234 tochten type-tochten status-publish has-post-thumbnail hentry\" data-id=\"7234\">\r\n\t\t<div class=\"w-grid-item-h\">\r\n\t\t\t\t\t\t<div class=\"w-post-elm post_image usg_post_image_1 stretched\"><a href=\"https:\/\/kinboat.com\/fr\/croisieres\/croisiere-de-luxe-sur-les-canaux-damsterdam-90-min\/\" aria-label=\"Croisi\u00e8re de luxe sur les canaux d&rsquo;Amsterdam (90 min)\"><img loading=\"lazy\" decoding=\"async\" width=\"1024\" height=\"512\" src=\"https:\/\/kinboat.com\/wp-content\/uploads\/2026\/02\/3-1024x512.png\" class=\"attachment-large size-large wp-post-image\" alt=\"\" srcset=\"https:\/\/kinboat.com\/wp-content\/uploads\/2026\/02\/3-1024x512.png 1024w, https:\/\/kinboat.com\/wp-content\/uploads\/2026\/02\/3-300x150.png 300w, https:\/\/kinboat.com\/wp-content\/uploads\/2026\/02\/3.png 1200w\" sizes=\"(max-width: 1024px) 100vw, 1024px\" \/><\/a><\/div><h2 class=\"w-post-elm post_title usg_post_title_1 entry-title color_link_inherit\"><a href=\"https:\/\/kinboat.com\/fr\/croisieres\/croisiere-de-luxe-sur-les-canaux-damsterdam-90-min\/\">Croisi\u00e8re de luxe sur les canaux d&rsquo;Amsterdam (90 min)<\/a><\/h2><div class=\"w-post-elm post_content usg_post_content_1\">D\u00e9couvrez Amsterdam lors d&rsquo;une croisi\u00e8re de luxe sur les canaux et faites l&rsquo;exp\u00e9rience de la ville d&rsquo;une mani\u00e8re d\u00e9tendue et exclusive. Notre croisi\u00e8re de luxe sur les canaux d&rsquo;Amsterdam, d&rsquo;une\u2026<\/div><div class=\"w-text usg_text_1 has_text_color\"><span class=\"w-text-h\"><span class=\"w-text-value\">EN SAVOIR PLUS<\/span><\/span><\/div>\t\t<\/div>\r\n\t<\/article>\r\n\t<article class=\"w-grid-item post-6214 tochten type-tochten status-publish has-post-thumbnail hentry\" data-id=\"6214\">\r\n\t\t<div class=\"w-grid-item-h\">\r\n\t\t\t\t\t\t<div class=\"w-post-elm post_image usg_post_image_1 stretched\"><a href=\"https:\/\/kinboat.com\/fr\/croisieres\/croisiere-sur-les-canaux-du-festival-des-lumieres-damsterdam\/\" aria-label=\"Croisi\u00e8re sur les canaux du festival des lumi\u00e8res d&rsquo;Amsterdam\"><img loading=\"lazy\" decoding=\"async\" width=\"1024\" height=\"343\" src=\"https:\/\/kinboat.com\/wp-content\/uploads\/2025\/11\/Kinboats-lighted-bridge-hero-1024x343.png\" class=\"attachment-large size-large wp-post-image\" alt=\"\" srcset=\"https:\/\/kinboat.com\/wp-content\/uploads\/2025\/11\/Kinboats-lighted-bridge-hero-1024x343.png 1024w, https:\/\/kinboat.com\/wp-content\/uploads\/2025\/11\/Kinboats-lighted-bridge-hero-300x101.png 300w, https:\/\/kinboat.com\/wp-content\/uploads\/2025\/11\/Kinboats-lighted-bridge-hero.png 1283w\" sizes=\"(max-width: 1024px) 100vw, 1024px\" \/><\/a><\/div><h2 class=\"w-post-elm post_title usg_post_title_1 entry-title color_link_inherit\"><a href=\"https:\/\/kinboat.com\/fr\/croisieres\/croisiere-sur-les-canaux-du-festival-des-lumieres-damsterdam\/\">Croisi\u00e8re sur les canaux du festival des lumi\u00e8res d&rsquo;Amsterdam<\/a><\/h2><div class=\"w-post-elm post_content usg_post_content_1\">Croisi\u00e8re sur les canaux du Festival des lumi\u00e8res d&rsquo;Amsterdam avec KINboat Vivez le Festival des lumi\u00e8res d&rsquo;Amsterdam d&rsquo;un point de vue tout \u00e0 fait particulier : les canaux. Lors d&rsquo;une\u2026<\/div><div class=\"w-text usg_text_1 has_text_color\"><span class=\"w-text-h\"><span class=\"w-text-value\">EN SAVOIR PLUS<\/span><\/span><\/div>\t\t<\/div>\r\n\t<\/article>\r\n\t<article class=\"w-grid-item post-6136 extern type-extern status-publish has-post-thumbnail hentry category-activites\" data-id=\"6136\">\r\n\t\t<div class=\"w-grid-item-h\">\r\n\t\t\t\t\t\t<div class=\"w-post-elm post_image usg_post_image_1 stretched\"><a href=\"https:\/\/kinboat.com\/fr\/blog\/extern\/this-is-holland-amsterdam\/\" aria-label=\"THIS IS HOLLAND Amsterdam\"><img loading=\"lazy\" decoding=\"async\" width=\"1024\" height=\"683\" src=\"https:\/\/kinboat.com\/wp-content\/uploads\/2025\/12\/This_is_holland_greenview-1024x683.jpg\" class=\"attachment-large size-large wp-post-image\" alt=\"\" srcset=\"https:\/\/kinboat.com\/wp-content\/uploads\/2025\/12\/This_is_holland_greenview-1024x683.jpg 1024w, https:\/\/kinboat.com\/wp-content\/uploads\/2025\/12\/This_is_holland_greenview-300x200.jpg 300w, https:\/\/kinboat.com\/wp-content\/uploads\/2025\/12\/This_is_holland_greenview.jpg 1920w\" sizes=\"(max-width: 1024px) 100vw, 1024px\" \/><\/a><\/div><h2 class=\"w-post-elm post_title usg_post_title_1 entry-title color_link_inherit\"><a href=\"https:\/\/kinboat.com\/fr\/blog\/extern\/this-is-holland-amsterdam\/\">THIS IS HOLLAND Amsterdam<\/a><\/h2><div class=\"w-post-elm post_content usg_post_content_1\"><p>Envie d&rsquo;une exp\u00e9rience inoubliable qui vous fera litt\u00e9ralement d\u00e9couvrir les Pays-Bas vus d&rsquo;en haut ? R\u00e9servez alors vos billets pour THIS IS HOLLAND Amsterdam, l&rsquo;exp\u00e9rience spectaculaire de vol en 5D sur l&rsquo;IJ \u00e0 Amsterdam-Nord. <\/p>\n<\/div><div class=\"w-text usg_text_1 has_text_color\"><span class=\"w-text-h\"><span class=\"w-text-value\">EN SAVOIR PLUS<\/span><\/span><\/div>\t\t<\/div>\r\n\t<\/article>\r\n\t<article class=\"w-grid-item post-5891 tochten type-tochten status-publish has-post-thumbnail hentry tochten-categorie-uitgelicht\" data-id=\"5891\">\r\n\t\t<div class=\"w-grid-item-h\">\r\n\t\t\t\t\t\t<div class=\"w-post-elm post_image usg_post_image_1 stretched\"><a href=\"https:\/\/kinboat.com\/fr\/croisieres\/festival-des-lumieres-damsterdam-en-bateau-traditionnel\/\" aria-label=\"Festival des lumi\u00e8res d&rsquo;Amsterdam en bateau traditionnel\"><img loading=\"lazy\" decoding=\"async\" width=\"1024\" height=\"683\" src=\"https:\/\/kinboat.com\/wp-content\/uploads\/2025\/11\/amsterdam-light-festival-traditional-cruise-1024x683.png\" class=\"attachment-large size-large wp-post-image\" alt=\"Blije gasten tijdens prachtig overdekte en traditionele amsterdam light festival cruise\" srcset=\"https:\/\/kinboat.com\/wp-content\/uploads\/2025\/11\/amsterdam-light-festival-traditional-cruise-1024x683.png 1024w, https:\/\/kinboat.com\/wp-content\/uploads\/2025\/11\/amsterdam-light-festival-traditional-cruise-300x200.png 300w, https:\/\/kinboat.com\/wp-content\/uploads\/2025\/11\/amsterdam-light-festival-traditional-cruise.png 2048w\" sizes=\"(max-width: 1024px) 100vw, 1024px\" \/><\/a><\/div><h2 class=\"w-post-elm post_title usg_post_title_1 entry-title color_link_inherit\"><a href=\"https:\/\/kinboat.com\/fr\/croisieres\/festival-des-lumieres-damsterdam-en-bateau-traditionnel\/\">Festival des lumi\u00e8res d&rsquo;Amsterdam en bateau traditionnel<\/a><\/h2><div class=\"w-post-elm post_content usg_post_content_1\">Vivez le festival des lumi\u00e8res d&rsquo;Amsterdam depuis les canaux avec KINboat Du 27 novembre 2025 au 18 janvier 2026, Amsterdam accueillera la quatorzi\u00e8me \u00e9dition de l&rsquo;Amsterdam Light Festival, o\u00f9 vingt\u2026<\/div><div class=\"w-text usg_text_1 has_text_color\"><span class=\"w-text-h\"><span class=\"w-text-value\">EN SAVOIR PLUS<\/span><\/span><\/div>\t\t<\/div>\r\n\t<\/article>\r\n\t<article class=\"w-grid-item post-5876 tochten type-tochten status-publish has-post-thumbnail hentry tochten-categorie-uitgelicht\" data-id=\"5876\">\r\n\t\t<div class=\"w-grid-item-h\">\r\n\t\t\t\t\t\t<div class=\"w-post-elm post_image usg_post_image_1 stretched\"><a href=\"https:\/\/kinboat.com\/fr\/croisieres\/festival-des-lumieres-damsterdam-en-sloop-couvert-boissons-comprises\/\" aria-label=\"Festival des lumi\u00e8res d&rsquo;Amsterdam en sloop couvert, boissons comprises\"><img loading=\"lazy\" decoding=\"async\" width=\"1024\" height=\"682\" src=\"https:\/\/kinboat.com\/wp-content\/uploads\/2025\/11\/lighted-alf-bridge-kinboats-1024x682.jpeg\" class=\"attachment-large size-large wp-post-image\" alt=\"\" srcset=\"https:\/\/kinboat.com\/wp-content\/uploads\/2025\/11\/lighted-alf-bridge-kinboats-1024x682.jpeg 1024w, https:\/\/kinboat.com\/wp-content\/uploads\/2025\/11\/lighted-alf-bridge-kinboats-300x200.jpeg 300w, https:\/\/kinboat.com\/wp-content\/uploads\/2025\/11\/lighted-alf-bridge-kinboats.jpeg 1600w\" sizes=\"(max-width: 1024px) 100vw, 1024px\" \/><\/a><\/div><h2 class=\"w-post-elm post_title usg_post_title_1 entry-title color_link_inherit\"><a href=\"https:\/\/kinboat.com\/fr\/croisieres\/festival-des-lumieres-damsterdam-en-sloop-couvert-boissons-comprises\/\">Festival des lumi\u00e8res d&rsquo;Amsterdam en sloop couvert, boissons comprises<\/a><\/h2><div class=\"w-post-elm post_content usg_post_content_1\">Vivez le festival des lumi\u00e8res d&rsquo;Amsterdam depuis les canaux avec KINboat, couvert et boissons inclus ! Du 27 novembre 2025 au 18 janvier 2026, Amsterdam accueillera la quatorzi\u00e8me \u00e9dition de\u2026<\/div><div class=\"w-text usg_text_1 has_text_color\"><span class=\"w-text-h\"><span class=\"w-text-value\">EN SAVOIR PLUS<\/span><\/span><\/div>\t\t<\/div>\r\n\t<\/article>\r\n\t<article class=\"w-grid-item post-5504 extern type-extern status-publish has-post-thumbnail hentry category-musees\" data-id=\"5504\">\r\n\t\t<div class=\"w-grid-item-h\">\r\n\t\t\t\t\t\t<div class=\"w-post-elm post_image usg_post_image_1 stretched\"><a href=\"https:\/\/kinboat.com\/fr\/blog\/extern\/billets-pour-la-maison-danne-frank\/\" aria-label=\"Billets pour la Maison d&rsquo;Anne Frank\"><img loading=\"lazy\" decoding=\"async\" width=\"1024\" height=\"640\" src=\"https:\/\/kinboat.com\/wp-content\/uploads\/2025\/10\/anne_frank_huis-1024x640.jpg\" class=\"attachment-large size-large wp-post-image\" alt=\"The Anne Frank House on the Prinsengracht canal in Amsterdam, a historic museum dedicated to Anne Frank\u2019s story.\" srcset=\"https:\/\/kinboat.com\/wp-content\/uploads\/2025\/10\/anne_frank_huis-1024x640.jpg 1024w, https:\/\/kinboat.com\/wp-content\/uploads\/2025\/10\/anne_frank_huis-300x188.jpg 300w, https:\/\/kinboat.com\/wp-content\/uploads\/2025\/10\/anne_frank_huis.jpg 1600w\" sizes=\"(max-width: 1024px) 100vw, 1024px\" \/><\/a><\/div><h2 class=\"w-post-elm post_title usg_post_title_1 entry-title color_link_inherit\"><a href=\"https:\/\/kinboat.com\/fr\/blog\/extern\/billets-pour-la-maison-danne-frank\/\">Billets pour la Maison d&rsquo;Anne Frank<\/a><\/h2><div class=\"w-post-elm post_content usg_post_content_1\"><p>Visitez la Maison d&rsquo;Anne Frank sur le Prinsengracht. Traversez l&rsquo;annexe secr\u00e8te, lisez des extraits de son journal et vivez l&rsquo;une des histoires les plus passionnantes de l&rsquo;histoire. <\/p>\n<\/div><div class=\"w-text usg_text_1 has_text_color\"><span class=\"w-text-h\"><span class=\"w-text-value\">EN SAVOIR PLUS<\/span><\/span><\/div>\t\t<\/div>\r\n\t<\/article>\r\n\t<article class=\"w-grid-item post-5502 extern type-extern status-publish has-post-thumbnail hentry category-activites category-musees\" data-id=\"5502\">\r\n\t\t<div class=\"w-grid-item-h\">\r\n\t\t\t\t\t\t<div class=\"w-post-elm post_image usg_post_image_1 stretched\"><a href=\"https:\/\/kinboat.com\/fr\/blog\/extern\/zoo-damsterdam\/\" aria-label=\"Zoo d&rsquo;Amsterdam\"><img loading=\"lazy\" decoding=\"async\" width=\"900\" height=\"450\" src=\"https:\/\/kinboat.com\/wp-content\/uploads\/2025\/10\/royal_artis_wild_wolf.png\" class=\"attachment-large size-large wp-post-image\" alt=\"Alt-tekst: Grey wolf in ARTIS Amsterdam Zoo, part of the wildlife conservation program in the Royal ARTIS Zoo.\" srcset=\"https:\/\/kinboat.com\/wp-content\/uploads\/2025\/10\/royal_artis_wild_wolf.png 900w, https:\/\/kinboat.com\/wp-content\/uploads\/2025\/10\/royal_artis_wild_wolf-300x150.png 300w\" sizes=\"(max-width: 900px) 100vw, 900px\" \/><\/a><\/div><h2 class=\"w-post-elm post_title usg_post_title_1 entry-title color_link_inherit\"><a href=\"https:\/\/kinboat.com\/fr\/blog\/extern\/zoo-damsterdam\/\">Zoo d&rsquo;Amsterdam<\/a><\/h2><div class=\"w-post-elm post_content usg_post_content_1\"><p>D\u00e9couvrez l&rsquo;ARTIS Zoo d&rsquo;Amsterdam, le plus ancien zoo des Pays-Bas. Promenez-vous parmi les \u00e9l\u00e9phants, les singes et les flamants roses, et profitez de la tranquillit\u00e9 du parc au milieu de la ville. Une journ\u00e9e id\u00e9ale pour les familles, les couples et les amoureux de la nature.  <\/p>\n<\/div><div class=\"w-text usg_text_1 has_text_color\"><span class=\"w-text-h\"><span class=\"w-text-value\">EN SAVOIR PLUS<\/span><\/span><\/div>\t\t<\/div>\r\n\t<\/article>\r\n<\/div>\t<div class=\"g-preloader type_1\">\r\n\t\t<div><\/div>\r\n\t<\/div>\r\n\t\t<div class=\"w-grid-json hidden\" onclick='return {&quot;action&quot;:&quot;us_ajax_grid&quot;,&quot;ajax_url&quot;:&quot;https:\\\/\\\/kinboat.com\\\/wp-admin\\\/admin-ajax.php&quot;,&quot;infinite_scroll&quot;:0,&quot;max_num_pages&quot;:6,&quot;pagination&quot;:&quot;none&quot;,&quot;template_vars&quot;:{&quot;columns&quot;:&quot;3&quot;,&quot;exclude_items&quot;:&quot;none&quot;,&quot;img_size&quot;:&quot;default&quot;,&quot;ignore_items_size&quot;:0,&quot;items_layout&quot;:&quot;78&quot;,&quot;items_offset&quot;:&quot;1&quot;,&quot;load_animation&quot;:&quot;none&quot;,&quot;overriding_link&quot;:&quot;%7B%22url%22%3A%22%22%7D&quot;,&quot;post_id&quot;:0,&quot;query_args&quot;:{&quot;post_parent&quot;:0,&quot;post_type&quot;:&quot;any&quot;,&quot;ignore_sticky_posts&quot;:1,&quot;posts_per_page&quot;:&quot;10&quot;},&quot;orderby_query_args&quot;:{&quot;orderby&quot;:{&quot;date&quot;:&quot;DESC&quot;}},&quot;type&quot;:&quot;carousel&quot;,&quot;us_grid_ajax_index&quot;:1,&quot;us_grid_filter_params&quot;:[],&quot;us_grid_index&quot;:1,&quot;_us_grid_post_type&quot;:&quot;current_child_pages&quot;,&quot;page_args&quot;:[],&quot;lang&quot;:&quot;fr&quot;},&quot;carousel_settings&quot;:{&quot;autoHeight&quot;:0,&quot;autoplay&quot;:0,&quot;carousel_fade&quot;:0,&quot;center&quot;:0,&quot;dots&quot;:0,&quot;items&quot;:&quot;3&quot;,&quot;loop&quot;:false,&quot;nav&quot;:0,&quot;slideby&quot;:&quot;1&quot;,&quot;smooth_play&quot;:0,&quot;speed&quot;:250,&quot;timeout&quot;:3000,&quot;transition&quot;:&quot;&quot;,&quot;aria_labels&quot;:{&quot;prev&quot;:&quot;Pr\\u00e9c\\u00e9dent&quot;,&quot;next&quot;:&quot;Suivant&quot;}},&quot;carousel_breakpoints&quot;:{&quot;0&quot;:{&quot;autoHeight&quot;:0,&quot;autoplay&quot;:1,&quot;autoplayHoverPause&quot;:1,&quot;items&quot;:1,&quot;loop&quot;:true,&quot;stagePadding&quot;:0},&quot;601&quot;:{&quot;autoHeight&quot;:0,&quot;autoplay&quot;:1,&quot;autoplayHoverPause&quot;:1,&quot;items&quot;:2,&quot;loop&quot;:false,&quot;stagePadding&quot;:0},&quot;1025&quot;:{&quot;autoHeight&quot;:0,&quot;autoplay&quot;:1,&quot;autoplayHoverPause&quot;:1,&quot;items&quot;:3,&quot;loop&quot;:false,&quot;stagePadding&quot;:0},&quot;1381&quot;:{&quot;items&quot;:3,&quot;stagePadding&quot;:0}}}'><\/div>\r\n\t<\/div><\/div><\/div><\/div><\/div><\/section>\n","protected":false},"excerpt":{"rendered":"ARTIS Zoo Amsterdam - L\u00e0 o\u00f9 la ville, l'histoire et la nature se rencontrent Fuyez l'agitation de la ville et d\u00e9couvrez la tranquillit\u00e9 d'ARTIS Zoo Amsterdam - le plus ancien zoo des Pays-Bas et l'un des plus beaux parcs urbains du monde. Au c\u0153ur d'Amsterdam, entre des avenues majestueuses et des b\u00e2timents monumentaux, vous trouverez...","protected":false},"author":1,"featured_media":1916,"parent":0,"menu_order":0,"comment_status":"closed","ping_status":"closed","template":"","meta":{"_acf_changed":false,"_improvement_type_select":"improve_an_existing","_thumb_yes_seoaic":false,"_frame_yes_seoaic":false,"seoaic_generate_description":"","seoaic_improve_instructions_prompt":"","seoaic_rollback_content_improvement":"","seoaic_idea_thumbnail_generator":"","thumbnail_generated":false,"thumbnail_generate_prompt":"","seoaic_article_description":"","footnotes":""},"class_list":["post-1915","page","type-page","status-publish","has-post-thumbnail","hentry"],"acf":[],"_links":{"self":[{"href":"https:\/\/kinboat.com\/fr\/wp-json\/wp\/v2\/pages\/1915","targetHints":{"allow":["GET"]}}],"collection":[{"href":"https:\/\/kinboat.com\/fr\/wp-json\/wp\/v2\/pages"}],"about":[{"href":"https:\/\/kinboat.com\/fr\/wp-json\/wp\/v2\/types\/page"}],"author":[{"embeddable":true,"href":"https:\/\/kinboat.com\/fr\/wp-json\/wp\/v2\/users\/1"}],"replies":[{"embeddable":true,"href":"https:\/\/kinboat.com\/fr\/wp-json\/wp\/v2\/comments?post=1915"}],"version-history":[{"count":5,"href":"https:\/\/kinboat.com\/fr\/wp-json\/wp\/v2\/pages\/1915\/revisions"}],"predecessor-version":[{"id":3276,"href":"https:\/\/kinboat.com\/fr\/wp-json\/wp\/v2\/pages\/1915\/revisions\/3276"}],"wp:featuredmedia":[{"embeddable":true,"href":"https:\/\/kinboat.com\/fr\/wp-json\/wp\/v2\/media\/1916"}],"wp:attachment":[{"href":"https:\/\/kinboat.com\/fr\/wp-json\/wp\/v2\/media?parent=1915"}],"curies":[{"name":"wp","href":"https:\/\/api.w.org\/{rel}","templated":true}]}}