{"id":806,"date":"2024-06-06T11:49:51","date_gmt":"2024-06-06T09:49:51","guid":{"rendered":"https:\/\/kinboat.jouwtestwebsite.nl\/?page_id=806"},"modified":"2024-06-12T13:40:10","modified_gmt":"2024-06-12T11:40:10","slug":"allgemeine-geschaeftsbedingungen","status":"publish","type":"page","link":"https:\/\/kinboat.com\/de\/allgemeine-geschaeftsbedingungen\/","title":{"rendered":"Allgemeine Gesch\u00e4ftsbedingungen"},"content":{"rendered":"<section class=\"l-section wpb_row height_large\"><div class=\"l-section-h i-cf\"><div class=\"g-cols vc_row via_grid cols_1 laptops-cols_inherit tablets-cols_inherit mobiles-cols_1 valign_top type_default stacking_default\"><div class=\"wpb_column vc_column_container\"><div class=\"vc_column-inner\"><div class=\"wpb_text_column\"><div class=\"wpb_wrapper\"><section class=\"row row-2 multi-col-row -has-bg -bg--light row--is-padded\">\n<div class=\"grid\">\n<div class=\"col col-1 col--width-1-1 -no-bg\">\n<div class=\"col-inner\">\n<div class=\"block rich-text prose\">\n<h2 class=\"h3\">KvK : 62021931 USt-IdNr : NL854600589B01<\/h2>\n<p>&nbsp;<\/p>\n<p><strong>Artikel 1. Definitionen<\/strong><\/p>\n<p>In diesen allgemeinen Gesch\u00e4ftsbedingungen werden die folgenden Begriffe wie folgt definiert:<br \/>\n1.1 KINboat: Der Vermieter, Greenboats B.V., handelnd unter dem Namen KINboat.<br \/>\n1.2 Mieter: Jede nat\u00fcrliche oder juristische Person, der KINboat ein Angebot gemacht hat oder mit der ein KINboat Vertrag abgeschlossen wurde.<br \/>\n1.3 Parteien: KINboat und der Mieter gemeinsam.<br \/>\n1.4 Passagiere: Mieter und die Passagiere, die mit oder im Namen des Mieters mitfahren.<br \/>\n1.5 Dienstleistungen: Die Vermietung eines bemannten und\/oder unbemannten Fahrzeugs durch KINboat.<br \/>\n1.6 Fahrzeug: Das Fahrzeug, mit dem KINboat seine Dienstleistungen dem Mieter anbietet.<br \/>\n1.7 Unbemanntes Fahrzeug: Ein Fahrzeug ohne einen von KINboat gestellten Skipper, der w\u00e4hrend der Mietdauer f\u00fcr die Steuerung des Fahrzeugs verantwortlich ist.<br \/>\n1.8 Bemanntes Fahrzeug: Ein Fahrzeug mit einem von KINboat gestellten Skipper, der w\u00e4hrend der Mietdauer f\u00fcr die Steuerung des Fahrzeugs verantwortlich ist.<\/p>\n<p><strong>Artikel 2. Anwendbarkeit der Allgemeinen Gesch\u00e4ftsbedingungen<\/strong><\/p>\n<p>2.1 Diese Allgemeinen Gesch\u00e4ftsbedingungen gelten f\u00fcr jedes Angebot, jede Offerte und jeden Vertrag von KINboat an oder mit dem Mieter.<br \/>\n2.2 Jeder, der die Dienstleistungen von KINboat nutzt und\/oder ein Fahrzeug von KINboat betritt, wird als im Besitz dieser Allgemeinen Gesch\u00e4ftsbedingungen betrachtet. Der Mieter garantiert, dass jeder der Passagiere vor dem Betreten eines Fahrzeugs diese Allgemeinen Gesch\u00e4ftsbedingungen zur Kenntnis genommen hat.<br \/>\n2.3 Abweichungen von diesen Allgemeinen Gesch\u00e4ftsbedingungen sind nur m\u00f6glich, wenn KINboat vorher schriftlich und ausdr\u00fccklich zugestimmt hat.<br \/>\n2.4 Die Anwendbarkeit der allgemeinen Gesch\u00e4ftsbedingungen des Mieters wird ausdr\u00fccklich ausgeschlossen, es sei denn, sie wurden vorher von KINboat schriftlich und ausdr\u00fccklich akzeptiert.<br \/>\n2.5 Sollten eine oder mehrere Bestimmungen dieser Allgemeinen Gesch\u00e4ftsbedingungen nichtig oder anfechtbar sein, bleiben die \u00fcbrigen Bestimmungen dieser Allgemeinen Gesch\u00e4ftsbedingungen vollst\u00e4ndig in Kraft. Die Parteien werden sich dann beraten, um neue Bestimmungen zu vereinbaren, die die nichtigen bzw. anfechtbaren Bestimmungen ersetzen, wobei der Zweck und die Absicht der urspr\u00fcnglichen Bestimmung so weit wie m\u00f6glich beachtet werden.<br \/>\n2.6 KINboat beh\u00e4lt sich das Recht vor, die in diesen Allgemeinen Gesch\u00e4ftsbedingungen festgelegten Bestimmungen zu \u00e4ndern, soweit dies die Umst\u00e4nde vern\u00fcnftigerweise erfordern. Der Mieter akzeptiert hiermit, dass die Allgemeinen Gesch\u00e4ftsbedingungen, die aufgrund dieser Bestimmung ge\u00e4ndert werden, f\u00fcr den Mieter in Bezug auf die zwischen den Parteien geschlossenen Vertr\u00e4ge bindend sind, nachdem der Mieter von KINboat ordnungsgem\u00e4\u00df \u00fcber diese \u00c4nderung informiert wurde.<br \/>\n2.7 Etwaige \u00c4nderungen und\/oder zus\u00e4tzliche Vereinbarungen zum Vertrag und\/oder diesen Allgemeinen Gesch\u00e4ftsbedingungen sind nur verbindlich, wenn sie schriftlich und ausdr\u00fccklich von KINboat best\u00e4tigt wurden.<\/p>\n<p><strong>Artikel 3. Verhaltensregeln<\/strong><\/p>\n<p>Beim Abschluss eines Vertrags zwischen den Parteien wird sich der Mieter an die folgenden Verhaltensregeln halten und garantieren, dass die Passagiere diese ebenfalls einhalten (die auch von KINboat vor oder zu Beginn der Vermietung des Fahrzeugs bereitgestellt werden):<br \/>\n(i) Die Nutzung des Fahrzeugs erfolgt vollst\u00e4ndig auf eigenes Risiko und eigene Kosten;<br \/>\n(ii) Die Nutzung eines Fahrzeugs ist nur innerhalb der Amsterdamer Binnengew\u00e4sser gestattet, bestehend aus den Kan\u00e4len und der Amstel, wie auch auf der von KINboat vor der Nutzung des Fahrzeugs bereitgestellten Karte angegeben (das \u201eGebiet\u201c). Das Fahren au\u00dferhalb des Gebiets ist nicht gestattet.<\/p>\n<\/div>\n<div class=\"block image halign-left\"><img fetchpriority=\"high\" decoding=\"async\" fetchpriority=\"high\" class=\"lazypreload lazyloaded\" title=\"Schermafbeelding-2022-04-19-om-14.42.53\" src=\"https:\/\/fh-sites.imgix.net\/sites\/5743\/2022\/08\/05133626\/Schermafbeelding-2022-04-19-om-14.42.53.png?auto=compress%2Cformat&amp;w=1200&amp;fit=max\" alt=\"map\" width=\"317\" height=\"291\" data-src=\"https:\/\/fh-sites.imgix.net\/sites\/5743\/2022\/08\/05133626\/Schermafbeelding-2022-04-19-om-14.42.53.png?auto=compress%2Cformat&amp;w=1200&amp;fit=max\" \/><\/div>\n<div class=\"block rich-text prose\">\n<p>(iii) Der Mieter wird alle Gesetze und Vorschriften in Bezug auf die Befahrung des Gebiets strikt einhalten, einschlie\u00dflich der Einhaltung von H\u00f6chstgeschwindigkeiten, Fahrtrichtung und anderer Gebote und Verbote;<br \/>\n(iv) Der Mieter erkl\u00e4rt und garantiert, dass die maximale Anzahl von Passagieren auf dem Fahrzeug zu keinem Zeitpunkt w\u00e4hrend der Miete des Fahrzeugs \u00fcberschritten wird;<br \/>\n(v) Der Mieter erkl\u00e4rt, dass keiner der Passagiere j\u00fcnger als achtzehn Jahre ist oder dass die Passagiere, die j\u00fcnger als achtzehn (18) Jahre sind, an Bord des Fahrzeugs keinen Alkohol und\/oder Drogen konsumieren werden;<br \/>\n(vi) Bei der Nutzung eines unbemannten Fahrzeugs ist es nicht gestattet, das Fahrzeug unter dem Einfluss von Alkohol und\/oder Drogen zu steuern;<br \/>\n(vii) Es ist nur erlaubt, w\u00e4hrend der Fahrt im Fahrzeug zu sitzen, andere Positionen sind nicht erlaubt;<br \/>\n(viii) Bei der Nutzung eines Fahrzeugs ist es nicht gestattet, das Fahrzeug unbeaufsichtigt zu lassen;<br \/>\n(ix) Es ist nicht gestattet, Abfall \u00fcber Bord zu werfen. Passagiere werden das Fahrzeug nach Ablauf der Mietzeit leer und sauber hinterlassen;<br \/>\n(x) Das Abbrennen von Feuerwerk ist an Bord des Fahrzeugs oder auf dem Steg von KINboat nicht gestattet;<br \/>\n(xi) Die Verwendung von Materialien, die das Interieur eines Fahrzeugs besch\u00e4digen k\u00f6nnen, ist nicht gestattet;<br \/>\n(xii) Das Tragen von Schuhen mit Abs\u00e4tzen ist nicht gestattet;<br \/>\n(xiii) Alle Kinder unter acht (8) Jahren und alle Kinder, die keinen Schwimmdiplom haben, sind verpflichtet, an Bord des Fahrzeugs und am Kai eine Schwimmweste zu tragen; Diese Verantwortung liegt beim Mieter.<br \/>\n(xiv) Der Mieter und die Passagiere m\u00fcssen jederzeit R\u00fccksicht auf andere Bootsfahrer und Anwohner des Gebiets nehmen. Das Verursachen jeglicher Art von (L\u00e4rm-)Bel\u00e4stigung ist nicht gestattet;<br \/>\n(xv) (Haus-)Tiere sind in\/auf den von KINboat genutzten Gegenst\u00e4nden, einschlie\u00dflich Stegen und Fahrzeugen, nicht gestattet;<br \/>\n(xvi) Das Mitbringen und der Verzehr eigener Speisen und Getr\u00e4nke ist nicht gestattet, es sei denn, KINboat hat vorher die Zustimmung erteilt;<br \/>\n(xvii) Dem Mieter ist es nicht gestattet, das Fahrzeug zu vermieten oder unterzuvermieten;<br \/>\n(xviii) Der Mieter und die Passagiere sind jederzeit verpflichtet, alle Anweisungen von KINboat und deren Mitarbeitern (einschlie\u00dflich, aber nicht beschr\u00e4nkt auf den Skipper) genau und unverz\u00fcglich zu befolgen.<\/p>\n<p><strong>Artikel 4. Angebot und Vertragsabschluss<\/strong><\/p>\n<p>4.1 Alle von KINboat erstellten Angebote und Offerten gelten f\u00fcr einen Zeitraum von 7 Tagen, sofern nicht anders angegeben. KINboat ist nur an Angebote und Offerten gebunden, wenn deren Annahme innerhalb des genannten Zeitraums schriftlich best\u00e4tigt und (an-)bezahlt wird. Auf Anfrage stellt der Vermieter dies zur Verf\u00fcgung.<br \/>\n4.2 Wenn KINboat dem Mieter Angebote oder Offerten f\u00fcr mehrere Fahrzeuge gemacht hat, gilt \u2013 abweichend von Artikel 4.1 \u2013 ein Zeitraum von 10 Tagen, sofern nicht anders angegeben. KINboat ist nur an Angebote und Offerten gebunden, wenn deren Annahme innerhalb des genannten Zeitraums schriftlich vom Mieter best\u00e4tigt wird.<br \/>\n4.3 KINboat kann nicht an sein Angebot oder seine Offerte gebunden werden, wenn der Mieter vern\u00fcnftigerweise verstehen kann oder verstehen muss, dass das Angebot oder die Offerte, oder ein Teil davon, einen offensichtlichen Fehler oder Schreibfehler enth\u00e4lt.<br \/>\n4.4 Der Mieter (oder im Falle einer juristischen Person ein rechtsg\u00fcltiger Vertreter der juristischen Person) wird KINboat sp\u00e4testens zu Beginn der Miete eine Kopie eines g\u00fcltigen Ausweisdokuments zur Verf\u00fcgung stellen.<\/p>\n<p><strong>Artikel 5. Ausf\u00fchrung des Vertrags<\/strong><\/p>\n<p>5.1 KINboat wird sich bem\u00fchen, die vereinbarten Dienstleistungen nach bestem Wissen und Gewissen auszuf\u00fchren.<br \/>\n5.2 KINboat beh\u00e4lt sich das Recht vor, bestimmte (Teile der) Dienstleistungen von Dritten ausf\u00fchren zu lassen.<br \/>\n5.3 Vor der Nutzung eines Fahrzeugs wird jeder der Passagiere eine Erkl\u00e4rung unterzeichnen, in der jeder von ihnen erkl\u00e4rt, das Fahrzeug auf eigenes Risiko zu betreten, und in der KINboat eine Freistellung gew\u00e4hrt wird. Der Mieter garantiert, dass jeder der Passagiere eine solche Erkl\u00e4rung unterzeichnet und wahrheitsgem\u00e4\u00df ausf\u00fcllt und garantiert auch, dass zu keinem Zeitpunkt w\u00e4hrend der Mietdauer ein Passagier an Bord des Fahrzeugs zugelassen wird, der ein solches Formular nicht ausgef\u00fcllt hat.<br \/>\n5.4 KINboat hat jederzeit das Recht, ein anderes Fahrzeug einzusetzen als auf Fotos dargestellt und\/oder vereinbart, sofern dieses Fahrzeug ebenfalls f\u00fcr die Anzahl der Personen geeignet ist, f\u00fcr die der Mieter rechtzeitig eine Reservierung vorgenommen hat. In einem solchen Fall hat der Mieter keinen Anspruch auf Entsch\u00e4digung.<br \/>\n5.5 Wenn der Mieter nicht zur vereinbarten Zeit am vereinbarten Ort anwesend ist, wird die Fahrzeit verk\u00fcrzt. Wenn der Mieter nicht innerhalb von 15 Minuten nach der vereinbarten Zeit anwesend ist, hat KINboat das Recht, den Vertrag aufzul\u00f6sen. In einem solchen Fall schuldet der Mieter eine Entsch\u00e4digung in H\u00f6he des vereinbarten Mietpreises.<br \/>\n5.6 Es liegt in der Verantwortung des Mieters, KINboat mit richtigen und vollst\u00e4ndigen Informationen zu versorgen, die notwendig sind oder die der Mieter vern\u00fcnftigerweise verstehen muss, dass sie notwendig sind f\u00fcr die Ausf\u00fchrung des Vertrags. Eventuelle Sch\u00e4den und\/oder Verz\u00f6gerungen, die dadurch verursacht werden, dass der Mieter die notwendigen Informationen nicht oder nicht rechtzeitig an KINboat \u00fcbermittelt hat, gehen zu Lasten des Mieters.<br \/>\n5.7 Dem Mieter ist es nicht gestattet, ein geistiges Eigentumsrecht von KINboat zu verwenden, zu bearbeiten oder zu entfernen, einschlie\u00dflich, aber nicht beschr\u00e4nkt auf die geistigen Eigentumsrechte in Bezug auf die Website von KINboat, den Namen und das Logo von KINboat.<br \/>\n5.8 Dem Mieter ist es nicht gestattet, vertrauliche Informationen \u00fcber (die Organisation von) KINboat, ihre Fahrzeuge und\/oder sonstige vertrauliche Informationen in irgendeiner Weise zu verwenden.<\/p>\n<p><strong>Artikel 6. Preis- und Zahlungsbedingungen<\/strong><\/p>\n<p>6.1 Alle Preisangaben von KINboat und alle Betr\u00e4ge, die KINboat dem Mieter in Rechnung stellt, sind inklusive Mehrwertsteuer und in Euro, es sei denn, ausdr\u00fccklich anders angegeben oder von den Parteien vereinbart.<br \/>\n6.2 Die Zahlung des Mieters an KINboat muss gem\u00e4\u00df den auf der Rechnung und\/oder Best\u00e4tigung angegebenen Zahlungsbedingungen erfolgen.<br \/>\n6.3 Der Mieter ist von Rechts wegen im Verzug, wenn die Zahlungsfrist abgelaufen ist. Ab diesem Zeitpunkt ist KINboat berechtigt, den gesetzlichen (Handels-)Zins in Rechnung zu stellen, der zu diesem Zeitpunkt ab dem Verfallsdatum gilt. Dar\u00fcber hinaus ist KINboat dann berechtigt, die Ausf\u00fchrung des Vertrags auszusetzen, und der Mieter ist verpflichtet, alle Kosten von KINboat, sowohl gerichtlich als auch au\u00dfergerichtlich, an KINboat zu erstatten.<br \/>\n6.4 KINboat beh\u00e4lt sich das Recht vor, jederzeit eine Vorauszahlung vom Mieter zu verlangen.<br \/>\n6.5 Bei \u00dcberweisungen gilt das Datum der Gutschrift auf dem Konto von KINboat als Zahlungsdatum; bei Barzahlung gilt nur die von KINboat ausgestellte Quittung als Zahlungsnachweis und Zahlungszeitpunkt.<br \/>\n6.6 Im Falle einer Liquidation, eines Konkurses, einer Pf\u00e4ndung oder eines Zahlungsaufschubs des Mieters sind die Forderungen von KINboat gegen\u00fcber dem Mieter sofort f\u00e4llig.<br \/>\n6.7 Wenn der Mieter eine juristische Person ist, ist der Mieter niemals berechtigt, das von ihm an KINboat geschuldete zu verrechnen.<br \/>\n6.8 Im Falle eines gemeinsam erteilten Auftrags sind alle Mieter gesamtschuldnerisch f\u00fcr die Zahlung des gesamten Rechnungsbetrags verantwortlich.<\/p>\n<p><strong>Artikel 7. Stornierung des Vertrags<\/strong><\/p>\n<p>7.1 Der Mieter kann den Vertrag nicht kostenlos stornieren; KINboat berechnet eine Stornogeb\u00fchr von 100%.<br \/>\n7.2 Wenn der Mieter nicht zum vereinbarten Zeitpunkt am vereinbarten Ort erscheint, gilt dies nicht als (g\u00fcltige) Stornierung.<br \/>\n7.4 Nach der endg\u00fcltigen Auftragsbest\u00e4tigung ist der Mieter im Falle einer Stornierung verpflichtet, in jedem Fall 25 \u20ac Verwaltungskosten an KINboat zu zahlen.<br \/>\n7.5 W\u00e4hrend gro\u00dfer (Schiff-)Veranstaltungen kann KINboat von den Stornobedingungen in diesen Bestimmungen abweichen. In diesem Fall sind die angepassten Stornobedingungen deutlich im Vertrag zwischen KINboat und dem Mieter angegeben.<\/p>\n<p><strong>Artikel 8. Aufl\u00f6sung und Aussetzung<\/strong><\/p>\n<p>8.1 Unbeschadet der gesetzlichen Rechte von KINboat gilt, dass wenn der Mieter eine seiner Verpflichtungen gegen\u00fcber KINboat nicht erf\u00fcllt, KINboat das Recht hat, die (weitere) Ausf\u00fchrung des mit dem Mieter geschlossenen Vertrags auszusetzen oder den Vertrag ganz oder teilweise aufzul\u00f6sen. In diesem Zusammenhang steht es KINboat frei, einen Vertrag w\u00e4hrend seiner Ausf\u00fchrung aufzul\u00f6sen, wenn die Passagiere ihren Verpflichtungen aus den in Artikel 3 genannten Verhaltensregeln nicht nachkommen.<br \/>\n8.2 Wenn der Mieter eine oder mehrere seiner Verpflichtungen nicht, nicht rechtzeitig oder nicht ordnungsgem\u00e4\u00df erf\u00fcllt, einen Zahlungsaufschub beantragt, in Konkurs erkl\u00e4rt wird, sein Verm\u00f6gen ganz oder teilweise gepf\u00e4ndet wird und\/oder der Mieter die Verf\u00fcgungsgewalt \u00fcber sein Verm\u00f6gen ganz oder teilweise verliert, hat KINboat das Recht, die Ausf\u00fchrung des Vertrags auszusetzen oder durch eine schriftliche Erkl\u00e4rung aufzul\u00f6sen, nach Wahl und unbeschadet eines ihr zustehenden Rechts auf Entsch\u00e4digung von Sch\u00e4den, Kosten und Zinsen.<br \/>\n8.3 Der Mieter kann einen Vertrag nur aufl\u00f6sen, wenn KINboat nach ordnungsgem\u00e4\u00dfer eingeschriebener schriftlicher Inverzugsetzung, in der ihr eine angemessene Frist zur Erf\u00fcllung ihrer Verpflichtungen einger\u00e4umt wird, weiterhin nachweislich ihren Verpflichtungen aus dem Vertrag nicht nachkommt und dies in einem solchen Ma\u00dfe, dass vom Mieter vern\u00fcnftigerweise nicht erwartet werden kann, den Vertrag aufrechtzuerhalten.<\/p>\n<p><strong>Artikel 9. H\u00f6here Gewalt<\/strong><\/p>\n<p>9.1 KINboat ist nicht verpflichtet, eine Verpflichtung zu erf\u00fcllen, wenn sie daran durch einen Umstand gehindert wird, der nicht auf ihre Schuld zur\u00fcckzuf\u00fchren ist, noch gesetzlich, durch Rechtsakt oder nach allgemein anerkannten Ansichten ihr zuzurechnen ist.<br \/>\n9.2 Unter den in Artikel 9.1 genannten Situationen sind insbesondere zu verstehen: Sturmsch\u00e4den, Naturkatastrophen, behindernde Ma\u00dfnahmen einer Regierung, Krieg, Eisgang, Hochwasser, fr\u00fche Dunkelheit, technische Katastrophen, Aufruhr, Transportbehinderungen, Pandemie, Streik, Brand, St\u00f6rungen und Unf\u00e4lle im Betrieb von Dritten sowie M\u00e4ngel oder h\u00f6here Gewalt von Lieferanten oder Dritten, deren Dienste KINboat bei der Ausf\u00fchrung des Vertrags in Anspruch nimmt.<br \/>\n9.3 Zus\u00e4tzlich zu den Bestimmungen in Artikel 9.2 werden unter den in Artikel 9.1 genannten Situationen ebenfalls verstanden:<br \/>\n(i) Dichter Nebel mit einer Sichtweite von weniger als 200 Metern;<br \/>\n(ii) Anhaltende Gewitter; und<br \/>\n(iii) Windst\u00e4rke 5 oder h\u00f6her im Falle der Vermietung eines unbemannten Fahrzeugs oder Windst\u00e4rke 6 oder h\u00f6her im Falle der Vermietung eines bemannten Fahrzeugs.<br \/>\n9.4 KINboat hat auch das Recht, sich auf h\u00f6here Gewalt zu berufen, wenn der Umstand, der die (weitere) Erf\u00fcllung des Vertrags verhindert, eintritt, nachdem KINboat ihre Verpflichtung h\u00e4tte erf\u00fcllen m\u00fcssen.<br \/>\n9.5 Im Falle h\u00f6herer Gewalt kann der Mieter keine Entsch\u00e4digung, R\u00fcckerstattung oder Kompensation von KINboat verlangen.<\/p>\n<p><strong>Artikel 10. Catering<\/strong><\/p>\n<p>10.1 Wenn der Mieter ein Fahrzeug einschlie\u00dflich Catering mieten m\u00f6chte, wird dieses Catering ausschlie\u00dflich von Dritten durchgef\u00fchrt, die von KINboat beauftragt wurden.<br \/>\n10.2 Die Kosten f\u00fcr das Catering werden \u2013 auf Anfrage des Mieters \u2013 von KINboat in das Angebot und\/oder die Offerte aufgenommen.<br \/>\n10.3 KINboat bezieht das Catering von Dritten. KINboat haftet niemals f\u00fcr Sch\u00e4den und\/oder Verletzungen, die durch oder im Zusammenhang mit von Dritten durchgef\u00fchrtem Catering verursacht werden.<\/p>\n<p><strong>Artikel 11. Haftung des Mieters<\/strong><\/p>\n<p>11.1 Der Mieter haftet f\u00fcr Sch\u00e4den am und\/oder Verlust des Fahrzeugs w\u00e4hrend der Zeit, in der er das Fahrzeug in Besitz hat.<br \/>\n11.2 Der Mieter haftet f\u00fcr Sch\u00e4den an Eigentum von KINboat oder Dritten, wenn diese aus und\/oder im Zusammenhang mit Nichterf\u00fcllung, unerlaubter Handlung, r\u00fccksichtlosem Verhalten, Versto\u00df gegen die in Artikel 3 genannten Verhaltensregeln und\/oder Unterlassen von Passagieren entstehen.<br \/>\n11.3 Der Mieter verpflichtet sich, entstandene Sch\u00e4den, gleich welcher Ursache, w\u00e4hrend oder unmittelbar nach deren Entstehung dem diensthabenden Skipper, dem Concierge am Abfahrtsort des Fahrzeugs oder KINboat zu melden. Der Skipper fertigt eine Erkl\u00e4rung \u00fcber den Zeitpunkt, die Art und die Ursache des vom Mieter gemeldeten Schadens an. Diese Schadenserkl\u00e4rung wird vor Verlassen des Bootes vom Mieter unterzeichnet. Die Erstellung dieser Schadenserkl\u00e4rung durch den diensthabenden Skipper dient ausschlie\u00dflich der Dokumentation des (Umfangs des) Schadens.<br \/>\n11.4 Im Falle eines bemannten Fahrzeugs ist der Skipper jederzeit berechtigt, das Gep\u00e4ck der Passagiere nach eigenem Ermessen abzulehnen.<br \/>\n11.5 Der Mieter erkl\u00e4rt und garantiert, dass jedem der Passagiere bekannt ist, dass das Fahrzeug auf eigenes Risiko betreten wird, dass die Risiken des Betretens und Fahrens mit einem Fahrzeug bekannt sind und dass KINboat von allen Anspr\u00fcchen Dritter freigestellt wird, die im Zusammenhang mit Sch\u00e4den stehen, die an Bord des Fahrzeugs erlitten wurden, au\u00dfer bei Sch\u00e4den, die durch Handlungen oder Unterlassungen von KINboat und\/oder einem Skipper auf einem bemannten Fahrzeug verursacht wurden.<\/p>\n<p><strong>Artikel 12. Haftung von KINboat<\/strong><\/p>\n<p>12.1 KINboat haftet niemals f\u00fcr Sch\u00e4den, die durch oder im Zusammenhang mit Verletzungen oder dem Tod von Passagieren und\/oder Sch\u00e4den an und\/oder Verlust von Eigentum der Passagiere verursacht werden, vor, w\u00e4hrend oder infolge der Anmietung eines Fahrzeugs von KINboat, au\u00dfer bei Sch\u00e4den, die durch nachweisbare Absicht oder grobe Fahrl\u00e4ssigkeit von KINboat oder einem ihrer Mitarbeiter verursacht werden.<br \/>\n12.2 KINboat haftet niemals f\u00fcr Sch\u00e4den der Passagiere, die durch Verz\u00f6gerungen aus irgendeinem Grund verursacht werden und die vor, w\u00e4hrend oder nach der Bootsfahrt auftreten, au\u00dfer bei Sch\u00e4den, die durch nachweisbare Absicht oder grobe Fahrl\u00e4ssigkeit von KINboat oder einem ihrer Mitarbeiter verursacht werden.<br \/>\n12.3 Soweit KINboat f\u00fcr Sch\u00e4den haftet, ist diese Haftung auf den H\u00f6chstbetrag beschr\u00e4nkt, der durch ihre Versicherung gedeckt ist.<br \/>\n12.4 Soweit KINboat f\u00fcr Sch\u00e4den haftet, die nicht durch ihre Versicherung gedeckt sind, haftet KINboat in keinem Fall f\u00fcr einen Betrag, der h\u00f6her ist als der Betrag, den KINboat dem Mieter aufgrund des Vertrags in Rechnung gestellt hat, exklusive Mehrwertsteuer.<br \/>\n12.5 Der Rechtsanspruch des Mieters auf Schadenersatz verf\u00e4llt, wenn er nicht innerhalb eines Jahres nach der Ausf\u00fchrung des betreffenden Vertrags geltend gemacht wird.<\/p>\n<p><strong>Artikel 13. Anwendbares Recht und zust\u00e4ndiges Gericht<\/strong><\/p>\n<p>13.1 Auf alle Vertr\u00e4ge und diese Allgemeinen Gesch\u00e4ftsbedingungen findet ausschlie\u00dflich niederl\u00e4ndisches Recht Anwendung.<br \/>\n13.2 Streitigkeiten, die im Zusammenhang mit der Auslegung oder der Ausf\u00fchrung des Vertrags und\/oder dieser Allgemeinen Gesch\u00e4ftsbedingungen entstehen, werden ausschlie\u00dflich dem zust\u00e4ndigen Gericht in Amsterdam vorgelegt.<br \/>\n13.3 Wenn der Mieter eine in den Niederlanden wohnhafte nat\u00fcrliche Person ist, werden \u2013 abweichend von Artikel 13.2 \u2013 Streitigkeiten, die im Zusammenhang mit der Auslegung oder der Ausf\u00fchrung des Vertrags und\/oder dieser Allgemeinen Gesch\u00e4ftsbedingungen entstehen, ausschlie\u00dflich dem zust\u00e4ndigen Gericht im Bezirk des Wohnsitzes des Mieters vorgelegt.<\/p>\n<\/div>\n<\/div>\n<\/div>\n<\/div>\n<\/section>\n<\/div><\/div><\/div><\/div><\/div><\/div><\/section>\n","protected":false},"excerpt":{"rendered":"KvK : 62021931 USt-IdNr : NL854600589B01 &nbsp; Artikel 1. Definitionen In diesen allgemeinen Gesch\u00e4ftsbedingungen werden die folgenden Begriffe wie folgt definiert: 1.1 KINboat: Der Vermieter, Greenboats B.V., handelnd unter dem Namen KINboat. 1.2 Mieter: Jede nat\u00fcrliche oder juristische Person, der KINboat ein Angebot gemacht hat oder mit der ein KINboat Vertrag abgeschlossen wurde. 1.3 Parteien:...","protected":false},"author":1,"featured_media":950,"parent":0,"menu_order":0,"comment_status":"closed","ping_status":"closed","template":"","meta":{"_acf_changed":false,"_improvement_type_select":"improve_an_existing","_thumb_yes_seoaic":false,"_frame_yes_seoaic":false,"seoaic_generate_description":"","seoaic_improve_instructions_prompt":"","seoaic_rollback_content_improvement":"","seoaic_idea_thumbnail_generator":"","thumbnail_generated":false,"thumbnail_generate_prompt":"","seoaic_article_description":"","footnotes":""},"class_list":["post-806","page","type-page","status-publish","has-post-thumbnail","hentry"],"acf":[],"_links":{"self":[{"href":"https:\/\/kinboat.com\/de\/wp-json\/wp\/v2\/pages\/806","targetHints":{"allow":["GET"]}}],"collection":[{"href":"https:\/\/kinboat.com\/de\/wp-json\/wp\/v2\/pages"}],"about":[{"href":"https:\/\/kinboat.com\/de\/wp-json\/wp\/v2\/types\/page"}],"author":[{"embeddable":true,"href":"https:\/\/kinboat.com\/de\/wp-json\/wp\/v2\/users\/1"}],"replies":[{"embeddable":true,"href":"https:\/\/kinboat.com\/de\/wp-json\/wp\/v2\/comments?post=806"}],"version-history":[{"count":2,"href":"https:\/\/kinboat.com\/de\/wp-json\/wp\/v2\/pages\/806\/revisions"}],"predecessor-version":[{"id":911,"href":"https:\/\/kinboat.com\/de\/wp-json\/wp\/v2\/pages\/806\/revisions\/911"}],"wp:featuredmedia":[{"embeddable":true,"href":"https:\/\/kinboat.com\/de\/wp-json\/wp\/v2\/media\/950"}],"wp:attachment":[{"href":"https:\/\/kinboat.com\/de\/wp-json\/wp\/v2\/media?parent=806"}],"curies":[{"name":"wp","href":"https:\/\/api.w.org\/{rel}","templated":true}]}}