{"id":7699,"date":"2024-05-07T16:46:31","date_gmt":"2024-05-07T14:46:31","guid":{"rendered":"https:\/\/kinboat.com\/stellenangebote\/skipper\/"},"modified":"2024-05-07T16:46:31","modified_gmt":"2024-05-07T14:46:31","slug":"skipper","status":"publish","type":"page","link":"https:\/\/kinboat.com\/de\/stellenangebote\/skipper\/","title":{"rendered":"Skipper"},"content":{"rendered":"<p>Wollen Sie den allerbesten Job auf dem Wasser? Wissen Sie, wie man die ultimative Atmosph\u00e4re schafft und erh\u00e4lt? Sind Sie selbstbewusst und kommen Sie gerne zur Sache? Sind Sie flexibel verf\u00fcgbar? Und haben Sie ein nettes, repr\u00e4sentatives Auftreten? Wenn die Antwort auf all diese Fragen &#8218;JA!&#8216; lautet, bietet KINboat Amsterdam Ihnen den besten Saisonjob des Landes! KINboat ist ein junges und innovatives Unternehmen, das die unterhaltsamsten Grachtenfahrten mit offenen Elektrobooten anbietet. Unsere Flotte f\u00e4hrt von verschiedenen Orten in Amsterdam aus. Als Skipper sind Sie f\u00fcr das Erlebnis der G\u00e4ste an Bord verantwortlich. Sie hei\u00dfen unsere G\u00e4ste willkommen und erz\u00e4hlen mit Begeisterung Ihre eigene, einzigartige Geschichte \u00fcber die Stadt. Dar\u00fcber hinaus sorgen Sie daf\u00fcr, dass das Boot immer tipptopp aussieht. Verbringen Sie Ihre Freizeit regelm\u00e4\u00dfig auf dem Wasser und haben Sie eine Affinit\u00e4t zum Bootfahren? Dann k\u00f6nnen Sie ganz einfach bei KINboat einsteigen und sofort loslegen! Noch keine Erfahrung? Kein Problem! Unsere erfahrenen Kollegen bringen Ihnen gerne die Tricks des Handwerks bei!               <\/p>\n<p>Wir bieten Ihnen:<\/p>\n<p>&#8211; Der sch\u00f6nste Arbeitsplatz im Herzen von Amsterdam, auf und um das Wasser herum!<br \/>\n&#8211; Ein Saisonvertrag in \u00dcbereinstimmung mit der CAO-Tageserholung<br \/>\n&#8211; Flexible Arbeitszeiten; arbeiten an Tagen, die Ihnen passen<br \/>\n&#8211; Die Freiheit, Ihre eigene Segelroute und Geschichte zu bestimmen.<br \/>\n&#8211; Anrechnung von Segeltagen f\u00fcr den Gro\u00dfen Segelschein<br \/>\n&#8211; Die nettesten und geselligsten Kollegen<\/p>\n<p>Wir bitten Sie darum:<\/p>\n<p>&#8211; Sie haben Spa\u00df, sind freundlich und enthusiastisch<br \/>\n&#8211; Sie beherrschen die englische Sprache<br \/>\n&#8211; Sie sind repr\u00e4sentativ, gepflegt und ansprechbar<br \/>\n&#8211; Sie sind flexibel, auch an Wochenenden und Feiertagen<br \/>\n&#8211; Sie haben einen Segelschein 1 und ein Grundzertifikat f\u00fcr Seefunk, oder wollen diese schnell erwerben<br \/>\n&#8211; Sie haben ein F\u00fchrungszeugnis (VOG) oder sind bereit, eines zu beantragen<\/p>\n<p>Bewerben Sie sich f\u00fcr einen Job? Oder haben Sie Fragen? Senden Sie eine E-Mail an info@kinboat.com; wir werden uns bei Ihnen melden!  <\/p>\n<p>Selbstst\u00e4ndige Skipper sind ebenfalls willkommen!<\/p>\n","protected":false},"excerpt":{"rendered":"<p>Wollen Sie den allerbesten Job auf dem Wasser? Wissen Sie, wie man die ultimative Atmosph\u00e4re schafft und erh\u00e4lt? Sind Sie selbstbewusst und kommen Sie gerne zur Sache? Sind Sie flexibel verf\u00fcgbar? Und haben Sie ein nettes, repr\u00e4sentatives Auftreten? Wenn die Antwort auf all diese Fragen &#8218;JA!&#8216; lautet, bietet KINboat Amsterdam Ihnen den besten Saisonjob des&#8230;<\/p>\n","protected":false},"author":1,"featured_media":7681,"parent":3269,"menu_order":0,"comment_status":"closed","ping_status":"closed","template":"","meta":{"_acf_changed":false,"_improvement_type_select":"improve_an_existing","_thumb_yes_seoaic":false,"_frame_yes_seoaic":false,"seoaic_generate_description":"","seoaic_improve_instructions_prompt":"","seoaic_rollback_content_improvement":"","seoaic_idea_thumbnail_generator":"","thumbnail_generated":false,"thumbnail_generate_prompt":"","seoaic_article_description":"","footnotes":""},"class_list":["post-7699","page","type-page","status-publish","has-post-thumbnail","hentry"],"acf":[],"_links":{"self":[{"href":"https:\/\/kinboat.com\/de\/wp-json\/wp\/v2\/pages\/7699","targetHints":{"allow":["GET"]}}],"collection":[{"href":"https:\/\/kinboat.com\/de\/wp-json\/wp\/v2\/pages"}],"about":[{"href":"https:\/\/kinboat.com\/de\/wp-json\/wp\/v2\/types\/page"}],"author":[{"embeddable":true,"href":"https:\/\/kinboat.com\/de\/wp-json\/wp\/v2\/users\/1"}],"replies":[{"embeddable":true,"href":"https:\/\/kinboat.com\/de\/wp-json\/wp\/v2\/comments?post=7699"}],"version-history":[{"count":0,"href":"https:\/\/kinboat.com\/de\/wp-json\/wp\/v2\/pages\/7699\/revisions"}],"up":[{"embeddable":true,"href":"https:\/\/kinboat.com\/de\/wp-json\/wp\/v2\/pages\/3269"}],"wp:featuredmedia":[{"embeddable":true,"href":"https:\/\/kinboat.com\/de\/wp-json\/wp\/v2\/media\/7681"}],"wp:attachment":[{"href":"https:\/\/kinboat.com\/de\/wp-json\/wp\/v2\/media?parent=7699"}],"curies":[{"name":"wp","href":"https:\/\/api.w.org\/{rel}","templated":true}]}}