{"id":7692,"date":"2024-05-07T16:47:22","date_gmt":"2024-05-07T14:47:22","guid":{"rendered":"https:\/\/kinboat.com\/stellenangebote\/kai-steward\/"},"modified":"2026-04-01T16:41:07","modified_gmt":"2026-04-01T14:41:07","slug":"kai-steward","status":"publish","type":"page","link":"https:\/\/kinboat.com\/de\/stellenangebote\/kai-steward\/","title":{"rendered":"Kai-Steward"},"content":{"rendered":"<p>Sind Sie der Draufg\u00e4nger mit einem nat\u00fcrlichen L\u00e4cheln von Ohr zu Ohr? Und sind Sie auf der Suche nach dem sch\u00f6nsten Job im Herzen von Amsterdam? Dann suchen Sie nicht weiter! KINboat Amsterdam, die sch\u00f6nste Reederei Amsterdams, sucht f\u00fcr diese Saison (M\u00e4rz bis Oktober) neue Kai-Stewards.   <\/p>\n<p>Daf\u00fcr sind Sie verantwortlich:<\/p>\n<p>Als Kai-Steward sind Sie daf\u00fcr verantwortlich, unsere G\u00e4ste am Kai, von dem aus unsere Boote ablegen, zu empfangen, zu f\u00fchren und zu informieren. Sie verkaufen und kontrollieren Tickets und helfen unseren G\u00e4sten, wo es n\u00f6tig ist. Sie sind die erste Anlaufstelle f\u00fcr unsere G\u00e4ste und vermitteln ihnen den besten 1. Eindruck!  <\/p>\n<p>Das ist es, was Sie an einem Tag tun:<\/p>\n<p>&#8211; Unsere G\u00e4ste freundlich begr\u00fc\u00dfen und willkommen hei\u00dfen<br \/>\n&#8211; Tickets verkaufen oder kontrollieren<br \/>\n&#8211; Unsere G\u00e4ste \u00fcber die Abfahrtszeiten informieren<br \/>\n&#8211; Unsere G\u00e4ste zum Boot begleiten und den Skipper vorstellen<br \/>\n&#8211; Unseren G\u00e4sten beim Ein- und Aussteigen helfen<br \/>\n&#8211; Unseren Skippern helfen, das Boot sauber zu halten<br \/>\n&#8211; Unseren G\u00e4sten das beste Erlebnis bieten!<\/p>\n<p>Wir bieten Ihnen:<\/p>\n<p>&#8211; Der sch\u00f6nste Job im Herzen von Amsterdam<br \/>\n&#8211; Ein konkurrenzf\u00e4higes Gehalt und gute Trinkgelder<br \/>\n&#8211; Die M\u00f6glichkeit, Ihre Arbeitszeiten selbst zu bestimmen<br \/>\n&#8211; Die M\u00f6glichkeit, einen Bootsf\u00fchrerschein zu machen<br \/>\n&#8211; Die besten Betriebsfeiern!<\/p>\n<p>Wir bitten Sie darum:<\/p>\n<p>&#8211; Sie sind kontaktfreudig und mindestens 18 Jahre alt<br \/>\n&#8211; Sie sind flexibel und k\u00f6nnen gut selbstst\u00e4ndig arbeiten<br \/>\n&#8211; Sie k\u00f6nnen gut planen und mit Zeitpl\u00e4nen arbeiten<br \/>\n&#8211; Sie k\u00f6nnen gut kommunizieren und Informationen weitergeben<br \/>\n&#8211; Sie beherrschen die englische Sprache<br \/>\n&#8211; Sie sind mindestens 2 Tage pro Woche verf\u00fcgbar, davon 1 Tag am Wochenende<br \/>\n&#8211; Sie sind bereit, auch abends zu arbeiten<\/p>\n<p>Bewerben Sie sich f\u00fcr einen Job? Oder haben Sie Fragen? Senden Sie eine E-Mail an info@kinboat.com; wir werden uns bei Ihnen melden!  <\/p>\n","protected":false},"excerpt":{"rendered":"<p>Sind Sie der Draufg\u00e4nger mit einem nat\u00fcrlichen L\u00e4cheln von Ohr zu Ohr? Und sind Sie auf der Suche nach dem sch\u00f6nsten Job im Herzen von Amsterdam? Dann suchen Sie nicht weiter! KINboat Amsterdam, die sch\u00f6nste Reederei Amsterdams, sucht f\u00fcr diese Saison (M\u00e4rz bis Oktober) neue Kai-Stewards. Daf\u00fcr sind Sie verantwortlich: Als Kai-Steward sind Sie daf\u00fcr&#8230;<\/p>\n","protected":false},"author":1,"featured_media":983,"parent":3269,"menu_order":0,"comment_status":"closed","ping_status":"closed","template":"","meta":{"_acf_changed":false,"_improvement_type_select":"improve_an_existing","_thumb_yes_seoaic":false,"_frame_yes_seoaic":false,"seoaic_generate_description":"","seoaic_improve_instructions_prompt":"","seoaic_rollback_content_improvement":"","seoaic_idea_thumbnail_generator":"","thumbnail_generated":false,"thumbnail_generate_prompt":"","seoaic_article_description":"","footnotes":""},"class_list":["post-7692","page","type-page","status-publish","has-post-thumbnail","hentry"],"acf":[],"_links":{"self":[{"href":"https:\/\/kinboat.com\/de\/wp-json\/wp\/v2\/pages\/7692","targetHints":{"allow":["GET"]}}],"collection":[{"href":"https:\/\/kinboat.com\/de\/wp-json\/wp\/v2\/pages"}],"about":[{"href":"https:\/\/kinboat.com\/de\/wp-json\/wp\/v2\/types\/page"}],"author":[{"embeddable":true,"href":"https:\/\/kinboat.com\/de\/wp-json\/wp\/v2\/users\/1"}],"replies":[{"embeddable":true,"href":"https:\/\/kinboat.com\/de\/wp-json\/wp\/v2\/comments?post=7692"}],"version-history":[{"count":1,"href":"https:\/\/kinboat.com\/de\/wp-json\/wp\/v2\/pages\/7692\/revisions"}],"predecessor-version":[{"id":7696,"href":"https:\/\/kinboat.com\/de\/wp-json\/wp\/v2\/pages\/7692\/revisions\/7696"}],"up":[{"embeddable":true,"href":"https:\/\/kinboat.com\/de\/wp-json\/wp\/v2\/pages\/3269"}],"wp:featuredmedia":[{"embeddable":true,"href":"https:\/\/kinboat.com\/de\/wp-json\/wp\/v2\/media\/983"}],"wp:attachment":[{"href":"https:\/\/kinboat.com\/de\/wp-json\/wp\/v2\/media?parent=7692"}],"curies":[{"name":"wp","href":"https:\/\/api.w.org\/{rel}","templated":true}]}}