{"id":7691,"date":"2026-04-01T16:30:10","date_gmt":"2026-04-01T14:30:10","guid":{"rendered":"https:\/\/kinboat.com\/stellenangebote\/hosts\/"},"modified":"2026-04-01T16:41:03","modified_gmt":"2026-04-01T14:41:03","slug":"hosts","status":"publish","type":"page","link":"https:\/\/kinboat.com\/de\/stellenangebote\/hosts\/","title":{"rendered":"Hosts"},"content":{"rendered":"<p data-start=\"153\" data-end=\"463\">K\u00f6nnen Sie sich vorstellen, durch die Grachten von Amsterdam zu schippern und G\u00e4sten ein unvergessliches Erlebnis zu bieten? Bekommen Sie Energie von den Menschen, Geselligkeit und ein bisschen Aufregung um Sie herum? Dann ist das Ihre Chance! KINboat Amsterdam sucht f\u00fcr diese Saison (M\u00e4rz bis Oktober) begeisterte Gastgeber an Bord.   <\/p>\n<hr data-start=\"465\" data-end=\"468\">\n<h2 data-section-id=\"j76935\" data-start=\"470\" data-end=\"506\">Daf\u00fcr sind Sie verantwortlich:<\/h2>\n<p data-start=\"508\" data-end=\"821\">Als Gastgeber an Bord fahren Sie zusammen mit dem Skipper auf unseren offenen Booten durch die Grachten von Amsterdam. Sie werden daf\u00fcr sorgen, dass unsere G\u00e4ste ein unvergessliches Erlebnis haben. Sie hei\u00dfen die G\u00e4ste willkommen, erz\u00e4hlen lustige Geschichten \u00fcber die Stadt und servieren w\u00e4hrend der Fahrt Getr\u00e4nke. Sie sind das Gesicht von KINboat auf dem Wasser!   <\/p>\n<hr data-start=\"823\" data-end=\"826\">\n<h2 data-section-id=\"6w6gig\" data-start=\"828\" data-end=\"861\">Das ist es, was Sie an einem Tag tun:<\/h2>\n<p data-start=\"863\" data-end=\"1278\">&#8211; Unsere G\u00e4ste enthusiastisch an Bord begr\u00fc\u00dfen<br data-start=\"908\" data-end=\"911\">&#8211; Geschichten \u00fcber Amsterdam und die Highlights entlang der Route erz\u00e4hlen<br data-start=\"978\" data-end=\"981\">&#8211; Getr\u00e4nke servieren und daf\u00fcr sorgen, dass jeder auf seine Kosten kommt<br data-start=\"1035\" data-end=\"1038\">&#8211; Eine gem\u00fctliche und entspannte Atmosph\u00e4re an Bord schaffen<br data-start=\"1091\" data-end=\"1094\">&#8211; Den G\u00e4sten beim Ein- und Aussteigen helfen<br data-start=\"1134\" data-end=\"1137\">&#8211; Mit dem Skipper zusammenarbeiten, um einen reibungslosen Ablauf der Reise zu gew\u00e4hrleisten<br data-start=\"1189\" data-end=\"1192\">&#8211; Das Boot sauber und gepflegt halten<br data-start=\"1227\" data-end=\"1230\">&#8211; Unseren G\u00e4sten das allerbeste Erlebnis bieten!<\/p>\n<hr data-start=\"1280\" data-end=\"1283\">\n<h2 data-section-id=\"1esvzei\" data-start=\"1285\" data-end=\"1303\">Wir bieten Ihnen:<\/h2>\n<p data-start=\"1305\" data-end=\"1507\">&#8211; Der beste Job auf dem Wasser im Herzen von Amsterdam<br data-start=\"1359\" data-end=\"1362\">&#8211; Ein konkurrenzf\u00e4higes Gehalt und gute Trinkgelder<br data-start=\"1404\" data-end=\"1407\">&#8211; Flexible Arbeitszeiten<br data-start=\"1429\" data-end=\"1432\">&#8211; Arbeiten in einem jungen und freundlichen Team<br data-start=\"1469\" data-end=\"1472\">&#8211; Die besten Betriebsfeiern!<\/p>\n<hr data-start=\"1509\" data-end=\"1512\">\n<h2 data-section-id=\"11ub4q3\" data-start=\"1514\" data-end=\"1536\">Wir bitten Sie darum:<\/h2>\n<p data-start=\"1538\" data-end=\"1936\">&#8211; Sie sind kontaktfreudig, energiegeladen und mindestens 18 Jahre alt<br data-start=\"1585\" data-end=\"1588\">&#8211; Sie trauen sich, vor einer Gruppe zu sprechen<br data-start=\"1624\" data-end=\"1627\">&#8211; Sie sind flexibel und k\u00f6nnen gut selbstst\u00e4ndig arbeiten<br data-start=\"1677\" data-end=\"1680\">&#8211; Sie k\u00f6nnen gut kommunizieren und Informationen weitergeben<br data-start=\"1732\" data-end=\"1735\">&#8211; Sie beherrschen die englische Sprache (weitere Sprachen sind von Vorteil)<br data-start=\"1812\" data-end=\"1815\">&#8211; Sie sind mindestens 2 Tage pro Woche verf\u00fcgbar, davon 1 Tag am Wochenende<br data-start=\"1884\" data-end=\"1887\">&#8211; Sie sind bereit, abends zu arbeiten<\/p>\n<hr data-start=\"1938\" data-end=\"1941\">\n<h2 data-section-id=\"jg98gd\" data-start=\"1943\" data-end=\"1959\">Anwenden?<\/h2>\n<p data-start=\"1961\" data-end=\"2092\">Senden Sie eine E-Mail an <a class=\"decorated-link cursor-pointer\" rel=\"noopener\" data-start=\"1983\" data-end=\"1999\">info@kinboat.com<\/a> und sagen Sie uns kurz, wer Sie sind und warum Sie zu KINboat passen w\u00fcrden. Wir werden Sie bald kontaktieren! <\/p>\n","protected":false},"excerpt":{"rendered":"<p>K\u00f6nnen Sie sich vorstellen, durch die Grachten von Amsterdam zu schippern und G\u00e4sten ein unvergessliches Erlebnis zu bieten? Bekommen Sie Energie von den Menschen, Geselligkeit und ein bisschen Aufregung um Sie herum? Dann ist das Ihre Chance! KINboat Amsterdam sucht f\u00fcr diese Saison (M\u00e4rz bis Oktober) begeisterte Gastgeber an Bord. Daf\u00fcr sind Sie verantwortlich: Als&#8230;<\/p>\n","protected":false},"author":4,"featured_media":7686,"parent":3269,"menu_order":0,"comment_status":"closed","ping_status":"closed","template":"","meta":{"_acf_changed":false,"_improvement_type_select":"improve_an_existing","_thumb_yes_seoaic":false,"_frame_yes_seoaic":false,"seoaic_generate_description":"","seoaic_improve_instructions_prompt":"","seoaic_rollback_content_improvement":"","seoaic_idea_thumbnail_generator":"","thumbnail_generated":false,"thumbnail_generate_prompt":"","seoaic_article_description":"","footnotes":""},"class_list":["post-7691","page","type-page","status-publish","has-post-thumbnail","hentry"],"acf":[],"_links":{"self":[{"href":"https:\/\/kinboat.com\/de\/wp-json\/wp\/v2\/pages\/7691","targetHints":{"allow":["GET"]}}],"collection":[{"href":"https:\/\/kinboat.com\/de\/wp-json\/wp\/v2\/pages"}],"about":[{"href":"https:\/\/kinboat.com\/de\/wp-json\/wp\/v2\/types\/page"}],"author":[{"embeddable":true,"href":"https:\/\/kinboat.com\/de\/wp-json\/wp\/v2\/users\/4"}],"replies":[{"embeddable":true,"href":"https:\/\/kinboat.com\/de\/wp-json\/wp\/v2\/comments?post=7691"}],"version-history":[{"count":1,"href":"https:\/\/kinboat.com\/de\/wp-json\/wp\/v2\/pages\/7691\/revisions"}],"predecessor-version":[{"id":7693,"href":"https:\/\/kinboat.com\/de\/wp-json\/wp\/v2\/pages\/7691\/revisions\/7693"}],"up":[{"embeddable":true,"href":"https:\/\/kinboat.com\/de\/wp-json\/wp\/v2\/pages\/3269"}],"wp:featuredmedia":[{"embeddable":true,"href":"https:\/\/kinboat.com\/de\/wp-json\/wp\/v2\/media\/7686"}],"wp:attachment":[{"href":"https:\/\/kinboat.com\/de\/wp-json\/wp\/v2\/media?parent=7691"}],"curies":[{"name":"wp","href":"https:\/\/api.w.org\/{rel}","templated":true}]}}