{"id":3269,"date":"2024-05-07T16:42:16","date_gmt":"2024-05-07T14:42:16","guid":{"rendered":"https:\/\/kinboat.com\/stellenangebote\/"},"modified":"2025-04-15T14:23:23","modified_gmt":"2025-04-15T12:23:23","slug":"stellenangebote","status":"publish","type":"page","link":"https:\/\/kinboat.com\/de\/stellenangebote\/","title":{"rendered":"Stellenangebote"},"content":{"rendered":"<section class=\"l-section wpb_row height_large\"><div class=\"l-section-h i-cf\"><div class=\"g-cols vc_row via_grid cols_1 laptops-cols_inherit tablets-cols_inherit mobiles-cols_1 valign_top type_default stacking_default\"><div class=\"wpb_column vc_column_container\"><div class=\"vc_column-inner\"><div class=\"wpb_text_column\"><div class=\"wpb_wrapper\"><div class=\"block heading prose text-left\">\n<h3 class=\"h3\">Gesucht: die allerbesten Kollegen f\u00fcr diese Saison!<\/h3>\n<\/div>\n<\/div><\/div><div class=\"w-separator size_medium\"><\/div><div class=\"wpb_text_column\"><div class=\"wpb_wrapper\"><div class=\"block heading prose text-left\">\n<p class=\"h3\">W\u00fcrden Sie gerne bei der sch\u00f6nsten Kanalgesellschaft in Amstedam arbeiten? Informieren Sie sich \u00fcber unsere offenen Stellen.<\/p>\n<\/div>\n<\/div><\/div><div class=\"w-separator size_medium\"><\/div><div class=\"w-grid type_carousel layout_78 cols_3\" id=\"us_grid_1\" style=\"--gap:1.5rem;\"><style>.layout_78 .w-grid-item-h{}.layout_78 .usg_post_image_1{margin-bottom:1rem!important}.layout_78 .usg_post_title_1{font-size:24px!important;line-height:36px!important}.layout_78 .usg_post_content_1{margin-top:0.8rem!important;margin-bottom:0.8rem!important}.layout_78 .usg_text_1{color:var(--color-content-primary)!important}@media (min-width:1025px) and (max-width:1380px){.layout_78 .usg_post_image_1{margin-bottom:1rem!important}.layout_78 .usg_post_title_1{font-size:24px!important;line-height:36px!important}.layout_78 .usg_post_content_1{margin-top:0.8rem!important;margin-bottom:0.8rem!important}.layout_78 .usg_text_1{color:var(--color-content-primary)!important}}@media (min-width:601px) and (max-width:1024px){.layout_78 .usg_post_image_1{margin-bottom:1rem!important}.layout_78 .usg_post_title_1{font-size:24px!important;line-height:36px!important}.layout_78 .usg_post_content_1{margin-top:0.8rem!important;margin-bottom:0.8rem!important}.layout_78 .usg_text_1{color:var(--color-content-primary)!important}}@media (max-width:600px){.layout_78 .usg_post_image_1{margin-bottom:1rem!important}.layout_78 .usg_post_title_1{font-size:24px!important;line-height:36px!important}.layout_78 .usg_post_content_1{margin-top:0.8rem!important;margin-bottom:0.8rem!important}.layout_78 .usg_text_1{color:var(--color-content-primary)!important}}<\/style><div class=\"w-grid-list owl-carousel navstyle_circle navpos_outside\">\t<article class=\"w-grid-item post-6165 post type-post status-publish format-standard has-post-thumbnail hentry category-beliebt\" data-id=\"6165\">\r\n\t\t<div class=\"w-grid-item-h\">\r\n\t\t\t\t\t\t<div class=\"w-post-elm post_image usg_post_image_1 stretched\"><a href=\"https:\/\/kinboat.com\/de\/blog\/abfahrtsorte-fuer-grachtenkreuzfahrten-in-amsterdam-und-wie-sie-ihre-auswaehlen\/\" aria-label=\"Abfahrtsorte f\u00fcr Grachtenkreuzfahrten in Amsterdam (und wie Sie Ihre ausw\u00e4hlen)\"><img fetchpriority=\"high\" decoding=\"async\" width=\"1024\" height=\"512\" src=\"https:\/\/kinboat.com\/wp-content\/uploads\/2025\/09\/kinboat-departure-central-station-prins-hendrikkade-33a-1024x512.png\" class=\"attachment-large size-large wp-post-image\" alt=\"KINboat boarding platform at Central Station, Prins Hendrikkade 33A\" srcset=\"https:\/\/kinboat.com\/wp-content\/uploads\/2025\/09\/kinboat-departure-central-station-prins-hendrikkade-33a-1024x512.png 1024w, https:\/\/kinboat.com\/wp-content\/uploads\/2025\/09\/kinboat-departure-central-station-prins-hendrikkade-33a-300x150.png 300w, https:\/\/kinboat.com\/wp-content\/uploads\/2025\/09\/kinboat-departure-central-station-prins-hendrikkade-33a.png 1200w\" sizes=\"(max-width: 1024px) 100vw, 1024px\" \/><\/a><\/div><h2 class=\"w-post-elm post_title usg_post_title_1 entry-title color_link_inherit\"><a href=\"https:\/\/kinboat.com\/de\/blog\/abfahrtsorte-fuer-grachtenkreuzfahrten-in-amsterdam-und-wie-sie-ihre-auswaehlen\/\">Abfahrtsorte f\u00fcr Grachtenkreuzfahrten in Amsterdam (und wie Sie Ihre ausw\u00e4hlen)<\/a><\/h2><div class=\"w-post-elm post_content usg_post_content_1\"><p>Die Abfahrtsorte der Amsterdamer Grachtenkreuzfahrten liegen strategisch g\u00fcnstig in der N\u00e4he der wichtigsten Sehensw\u00fcrdigkeiten wie dem Hauptbahnhof, dem Anne Frank Haus, dem Leidseplein und dem Damrak. Jeder Standort bietet einzigartige Vorteile: Der Hauptbahnhof bietet eine hervorragende Verkehrsanbindung, die N\u00e4he des Anne-Frank-Hauses erm\u00f6glicht den Zugang zum malerischen Jordaan-Viertel, w\u00e4hrend der Leidseplein das Museumsviertel perfekt bedient. W\u00e4hlen Sie Ihren Abfahrtsort nach der N\u00e4he zu Ihrer Unterkunft und den geplanten Aktivit\u00e4ten aus, um Ihr Amsterdamer Grachtenerlebnis zu optimieren.  <\/p>\n<\/div><div class=\"w-text usg_text_1 has_text_color\"><a href=\"https:\/\/kinboat.com\/de\/blog\/abfahrtsorte-fuer-grachtenkreuzfahrten-in-amsterdam-und-wie-sie-ihre-auswaehlen\/\" class=\"w-text-h\"><span class=\"w-text-value\">LESEN SIE MEHR<\/span><\/a><\/div>\t\t<\/div>\r\n\t<\/article>\r\n\t<article class=\"w-grid-item post-6155 post type-post status-publish format-standard has-post-thumbnail hentry category-beliebt\" data-id=\"6155\">\r\n\t\t<div class=\"w-grid-item-h\">\r\n\t\t\t\t\t\t<div class=\"w-post-elm post_image usg_post_image_1 stretched\"><a href=\"https:\/\/kinboat.com\/de\/blog\/sind-amsterdamer-grachtenkreuzfahrten-ihr-geld-wert\/\" aria-label=\"Sind Amsterdamer Grachtenkreuzfahrten ihr Geld wert?\"><img decoding=\"async\" width=\"1024\" height=\"512\" src=\"https:\/\/kinboat.com\/wp-content\/uploads\/2025\/09\/Kinboats_cruise_treeline-1024x512.png\" class=\"attachment-large size-large wp-post-image\" alt=\"Boat cruising Amsterdam canal at golden hour with historic gabled houses and tree-lined waterway\" srcset=\"https:\/\/kinboat.com\/wp-content\/uploads\/2025\/09\/Kinboats_cruise_treeline-1024x512.png 1024w, https:\/\/kinboat.com\/wp-content\/uploads\/2025\/09\/Kinboats_cruise_treeline-300x150.png 300w, https:\/\/kinboat.com\/wp-content\/uploads\/2025\/09\/Kinboats_cruise_treeline.png 1200w\" sizes=\"(max-width: 1024px) 100vw, 1024px\" \/><\/a><\/div><h2 class=\"w-post-elm post_title usg_post_title_1 entry-title color_link_inherit\"><a href=\"https:\/\/kinboat.com\/de\/blog\/sind-amsterdamer-grachtenkreuzfahrten-ihr-geld-wert\/\">Sind Amsterdamer Grachtenkreuzfahrten ihr Geld wert?<\/a><\/h2><div class=\"w-post-elm post_content usg_post_content_1\"><p>Amsterdamer Grachtenfahrten bieten einen au\u00dfergew\u00f6hnlichen Wert durch den Zugang zum UNESCO-Welterbe, Einblicke von Experten vor Ort und einzigartige Perspektiven auf die Architektur des Goldenen Zeitalters, die von der Stra\u00dfe aus nicht m\u00f6glich sind. Mit Preisen zwischen 15-80 \u20ac bieten diese Erlebnisse kulturelles Eintauchen, atemberaubende Fotom\u00f6glichkeiten und effizientes Sightseeing zu den wichtigsten Sehensw\u00fcrdigkeiten in 60 Minuten. Die Investition lohnt sich, wenn Sie den richtigen Anbieter f\u00fcr Ihre Vorlieben w\u00e4hlen &#8211; von budgetfreundlichen Gruppentouren bis hin zu intimen Premium-Erlebnissen mit Live-Kommentar und hochwertigen Erfrischungen.  <\/p>\n<\/div><div class=\"w-text usg_text_1 has_text_color\"><a href=\"https:\/\/kinboat.com\/de\/blog\/sind-amsterdamer-grachtenkreuzfahrten-ihr-geld-wert\/\" class=\"w-text-h\"><span class=\"w-text-value\">LESEN SIE MEHR<\/span><\/a><\/div>\t\t<\/div>\r\n\t<\/article>\r\n\t<article class=\"w-grid-item post-7640 post type-post status-publish format-standard has-post-thumbnail hentry category-unkategorisiert\" data-id=\"7640\">\r\n\t\t<div class=\"w-grid-item-h\">\r\n\t\t\t\t\t\t<div class=\"w-post-elm post_image usg_post_image_1 stretched\"><a href=\"https:\/\/kinboat.com\/de\/blog\/kings-day-private-schaluppe-in-amsterdam-kapitaen\/\" aria-label=\"Kings Day Private Schaluppe in Amsterdam + Kapit\u00e4n\"><img decoding=\"async\" width=\"1024\" height=\"768\" src=\"https:\/\/kinboat.com\/wp-content\/uploads\/2026\/02\/amsterdam-canal-boat-kings-day-orange-celebration.webp\" class=\"attachment-large size-large wp-post-image\" alt=\"\" srcset=\"https:\/\/kinboat.com\/wp-content\/uploads\/2026\/02\/amsterdam-canal-boat-kings-day-orange-celebration.webp 1024w, https:\/\/kinboat.com\/wp-content\/uploads\/2026\/02\/amsterdam-canal-boat-kings-day-orange-celebration-300x225.webp 300w\" sizes=\"(max-width: 1024px) 100vw, 1024px\" \/><\/a><\/div><h2 class=\"w-post-elm post_title usg_post_title_1 entry-title color_link_inherit\"><a href=\"https:\/\/kinboat.com\/de\/blog\/kings-day-private-schaluppe-in-amsterdam-kapitaen\/\">Kings Day Private Schaluppe in Amsterdam + Kapit\u00e4n<\/a><\/h2><div class=\"w-post-elm post_content usg_post_content_1\">Feiern Sie den K\u00f6nigstag stilvoll mit einer exklusiven privaten Kreuzfahrt durch die Amsterdamer Grachten mit KINboats. Mit Platz f\u00fcr bis zu 30 Personen ist dies die beste M\u00f6glichkeit, die gr\u00f6\u00dfte&hellip;<\/div><div class=\"w-text usg_text_1 has_text_color\"><a href=\"https:\/\/kinboat.com\/de\/blog\/kings-day-private-schaluppe-in-amsterdam-kapitaen\/\" class=\"w-text-h\"><span class=\"w-text-value\">LESEN SIE MEHR<\/span><\/a><\/div>\t\t<\/div>\r\n\t<\/article>\r\n\t<article class=\"w-grid-item post-7233 tochten type-tochten status-publish has-post-thumbnail hentry\" data-id=\"7233\">\r\n\t\t<div class=\"w-grid-item-h\">\r\n\t\t\t\t\t\t<div class=\"w-post-elm post_image usg_post_image_1 stretched\"><a href=\"https:\/\/kinboat.com\/de\/grachtenfahrten\/luxus-kanalrundfahrt-amsterdam-90-min\/\" aria-label=\"Luxus-Kanalrundfahrt Amsterdam (90 min)\"><img loading=\"lazy\" decoding=\"async\" width=\"1024\" height=\"512\" src=\"https:\/\/kinboat.com\/wp-content\/uploads\/2026\/02\/3-1024x512.png\" class=\"attachment-large size-large wp-post-image\" alt=\"\" srcset=\"https:\/\/kinboat.com\/wp-content\/uploads\/2026\/02\/3-1024x512.png 1024w, https:\/\/kinboat.com\/wp-content\/uploads\/2026\/02\/3-300x150.png 300w, https:\/\/kinboat.com\/wp-content\/uploads\/2026\/02\/3.png 1200w\" sizes=\"(max-width: 1024px) 100vw, 1024px\" \/><\/a><\/div><h2 class=\"w-post-elm post_title usg_post_title_1 entry-title color_link_inherit\"><a href=\"https:\/\/kinboat.com\/de\/grachtenfahrten\/luxus-kanalrundfahrt-amsterdam-90-min\/\">Luxus-Kanalrundfahrt Amsterdam (90 min)<\/a><\/h2><div class=\"w-post-elm post_content usg_post_content_1\">Entdecken Sie Amsterdam auf einer luxuri\u00f6sen Grachtenfahrt und erleben Sie die Stadt auf eine entspannte, exklusive Art. Unsere 90-min\u00fctige Luxus-Kanalkreuzfahrt in Amsterdam startet vom kultigen Rosewood Hotel und bietet ein&hellip;<\/div><div class=\"w-text usg_text_1 has_text_color\"><a href=\"https:\/\/kinboat.com\/de\/grachtenfahrten\/luxus-kanalrundfahrt-amsterdam-90-min\/\" class=\"w-text-h\"><span class=\"w-text-value\">LESEN SIE MEHR<\/span><\/a><\/div>\t\t<\/div>\r\n\t<\/article>\r\n\t<article class=\"w-grid-item post-6213 tochten type-tochten status-publish has-post-thumbnail hentry\" data-id=\"6213\">\r\n\t\t<div class=\"w-grid-item-h\">\r\n\t\t\t\t\t\t<div class=\"w-post-elm post_image usg_post_image_1 stretched\"><a href=\"https:\/\/kinboat.com\/de\/grachtenfahrten\/amsterdam-light-festival-kanalrundfahrt\/\" aria-label=\"Amsterdam Light Festival Kanalrundfahrt\"><img loading=\"lazy\" decoding=\"async\" width=\"1024\" height=\"343\" src=\"https:\/\/kinboat.com\/wp-content\/uploads\/2025\/11\/Kinboats-lighted-bridge-hero-1024x343.png\" class=\"attachment-large size-large wp-post-image\" alt=\"\" srcset=\"https:\/\/kinboat.com\/wp-content\/uploads\/2025\/11\/Kinboats-lighted-bridge-hero-1024x343.png 1024w, https:\/\/kinboat.com\/wp-content\/uploads\/2025\/11\/Kinboats-lighted-bridge-hero-300x101.png 300w, https:\/\/kinboat.com\/wp-content\/uploads\/2025\/11\/Kinboats-lighted-bridge-hero.png 1283w\" sizes=\"(max-width: 1024px) 100vw, 1024px\" \/><\/a><\/div><h2 class=\"w-post-elm post_title usg_post_title_1 entry-title color_link_inherit\"><a href=\"https:\/\/kinboat.com\/de\/grachtenfahrten\/amsterdam-light-festival-kanalrundfahrt\/\">Amsterdam Light Festival Kanalrundfahrt<\/a><\/h2><div class=\"w-post-elm post_content usg_post_content_1\">Amsterdam Light Festival Kanalrundfahrt mit KINboat Erleben Sie das Amsterdam Light Festival aus einer ganz besonderen Perspektive: den Grachten. W\u00e4hrend einer Amsterdam Light Festival Grachtenfahrt mit KINboat fahren Sie direkt&hellip;<\/div><div class=\"w-text usg_text_1 has_text_color\"><a href=\"https:\/\/kinboat.com\/de\/grachtenfahrten\/amsterdam-light-festival-kanalrundfahrt\/\" class=\"w-text-h\"><span class=\"w-text-value\">LESEN SIE MEHR<\/span><\/a><\/div>\t\t<\/div>\r\n\t<\/article>\r\n\t<article class=\"w-grid-item post-6135 extern type-extern status-publish has-post-thumbnail hentry category-aktivitaten\" data-id=\"6135\">\r\n\t\t<div class=\"w-grid-item-h\">\r\n\t\t\t\t\t\t<div class=\"w-post-elm post_image usg_post_image_1 stretched\"><a href=\"https:\/\/kinboat.com\/de\/blog\/extern\/this-is-holland-amsterdam\/\" aria-label=\"THIS IS HOLLAND Amsterdam\"><img loading=\"lazy\" decoding=\"async\" width=\"1024\" height=\"683\" src=\"https:\/\/kinboat.com\/wp-content\/uploads\/2025\/12\/This_is_holland_greenview-1024x683.jpg\" class=\"attachment-large size-large wp-post-image\" alt=\"\" srcset=\"https:\/\/kinboat.com\/wp-content\/uploads\/2025\/12\/This_is_holland_greenview-1024x683.jpg 1024w, https:\/\/kinboat.com\/wp-content\/uploads\/2025\/12\/This_is_holland_greenview-300x200.jpg 300w, https:\/\/kinboat.com\/wp-content\/uploads\/2025\/12\/This_is_holland_greenview.jpg 1920w\" sizes=\"(max-width: 1024px) 100vw, 1024px\" \/><\/a><\/div><h2 class=\"w-post-elm post_title usg_post_title_1 entry-title color_link_inherit\"><a href=\"https:\/\/kinboat.com\/de\/blog\/extern\/this-is-holland-amsterdam\/\">THIS IS HOLLAND Amsterdam<\/a><\/h2><div class=\"w-post-elm post_content usg_post_content_1\"><p>Lust auf ein unvergessliches Erlebnis, das die Niederlande buchst\u00e4blich von oben zeigt? Dann buchen Sie Ihre Tickets f\u00fcr THIS IS HOLLAND Amsterdam, das spektakul\u00e4re 5D-Flugerlebnis auf der IJ in Amsterdam-Nord. <\/p>\n<\/div><div class=\"w-text usg_text_1 has_text_color\"><a href=\"https:\/\/kinboat.com\/de\/blog\/extern\/this-is-holland-amsterdam\/\" class=\"w-text-h\"><span class=\"w-text-value\">LESEN SIE MEHR<\/span><\/a><\/div>\t\t<\/div>\r\n\t<\/article>\r\n\t<article class=\"w-grid-item post-5889 tochten type-tochten status-publish has-post-thumbnail hentry tochten-categorie-uitgelicht\" data-id=\"5889\">\r\n\t\t<div class=\"w-grid-item-h\">\r\n\t\t\t\t\t\t<div class=\"w-post-elm post_image usg_post_image_1 stretched\"><a href=\"https:\/\/kinboat.com\/de\/grachtenfahrten\/amsterdam-light-festival-im-traditionellen-grachtenboot\/\" aria-label=\"Amsterdam Light Festival im traditionellen Grachtenboot\"><img loading=\"lazy\" decoding=\"async\" width=\"1024\" height=\"683\" src=\"https:\/\/kinboat.com\/wp-content\/uploads\/2025\/11\/amsterdam-light-festival-traditional-cruise-1024x683.png\" class=\"attachment-large size-large wp-post-image\" alt=\"Blije gasten tijdens prachtig overdekte en traditionele amsterdam light festival cruise\" srcset=\"https:\/\/kinboat.com\/wp-content\/uploads\/2025\/11\/amsterdam-light-festival-traditional-cruise-1024x683.png 1024w, https:\/\/kinboat.com\/wp-content\/uploads\/2025\/11\/amsterdam-light-festival-traditional-cruise-300x200.png 300w, https:\/\/kinboat.com\/wp-content\/uploads\/2025\/11\/amsterdam-light-festival-traditional-cruise.png 2048w\" sizes=\"(max-width: 1024px) 100vw, 1024px\" \/><\/a><\/div><h2 class=\"w-post-elm post_title usg_post_title_1 entry-title color_link_inherit\"><a href=\"https:\/\/kinboat.com\/de\/grachtenfahrten\/amsterdam-light-festival-im-traditionellen-grachtenboot\/\">Amsterdam Light Festival im traditionellen Grachtenboot<\/a><\/h2><div class=\"w-post-elm post_content usg_post_content_1\">Erleben Sie das Amsterdam Light Festival von den Grachten aus mit KINboat Vom 27. November 2025 bis zum 18. Januar 2026 findet in Amsterdam die vierzehnte Ausgabe des Amsterdam Light&hellip;<\/div><div class=\"w-text usg_text_1 has_text_color\"><a href=\"https:\/\/kinboat.com\/de\/grachtenfahrten\/amsterdam-light-festival-im-traditionellen-grachtenboot\/\" class=\"w-text-h\"><span class=\"w-text-value\">LESEN SIE MEHR<\/span><\/a><\/div>\t\t<\/div>\r\n\t<\/article>\r\n\t<article class=\"w-grid-item post-5875 tochten type-tochten status-publish has-post-thumbnail hentry tochten-categorie-uitgelicht\" data-id=\"5875\">\r\n\t\t<div class=\"w-grid-item-h\">\r\n\t\t\t\t\t\t<div class=\"w-post-elm post_image usg_post_image_1 stretched\"><a href=\"https:\/\/kinboat.com\/de\/grachtenfahrten\/amsterdam-light-festival-in-einer-ueberdachten-schaluppe-inklusive-getraenke\/\" aria-label=\"Amsterdam Light Festival in einer \u00fcberdachten Schaluppe inklusive Getr\u00e4nke\"><img loading=\"lazy\" decoding=\"async\" width=\"1024\" height=\"682\" src=\"https:\/\/kinboat.com\/wp-content\/uploads\/2025\/11\/lighted-alf-bridge-kinboats-1024x682.jpeg\" class=\"attachment-large size-large wp-post-image\" alt=\"\" srcset=\"https:\/\/kinboat.com\/wp-content\/uploads\/2025\/11\/lighted-alf-bridge-kinboats-1024x682.jpeg 1024w, https:\/\/kinboat.com\/wp-content\/uploads\/2025\/11\/lighted-alf-bridge-kinboats-300x200.jpeg 300w, https:\/\/kinboat.com\/wp-content\/uploads\/2025\/11\/lighted-alf-bridge-kinboats.jpeg 1600w\" sizes=\"(max-width: 1024px) 100vw, 1024px\" \/><\/a><\/div><h2 class=\"w-post-elm post_title usg_post_title_1 entry-title color_link_inherit\"><a href=\"https:\/\/kinboat.com\/de\/grachtenfahrten\/amsterdam-light-festival-in-einer-ueberdachten-schaluppe-inklusive-getraenke\/\">Amsterdam Light Festival in einer \u00fcberdachten Schaluppe inklusive Getr\u00e4nke<\/a><\/h2><div class=\"w-post-elm post_content usg_post_content_1\">Erleben Sie das Amsterdamer Lichterfest von den Grachten aus mit dem KINboat, inklusive Gedeck und Getr\u00e4nke! Vom 27. November 2025 bis zum 18. Januar 2026 findet in Amsterdam die vierzehnte&hellip;<\/div><div class=\"w-text usg_text_1 has_text_color\"><a href=\"https:\/\/kinboat.com\/de\/grachtenfahrten\/amsterdam-light-festival-in-einer-ueberdachten-schaluppe-inklusive-getraenke\/\" class=\"w-text-h\"><span class=\"w-text-value\">LESEN SIE MEHR<\/span><\/a><\/div>\t\t<\/div>\r\n\t<\/article>\r\n\t<article class=\"w-grid-item post-5505 extern type-extern status-publish has-post-thumbnail hentry category-museen\" data-id=\"5505\">\r\n\t\t<div class=\"w-grid-item-h\">\r\n\t\t\t\t\t\t<div class=\"w-post-elm post_image usg_post_image_1 stretched\"><a href=\"https:\/\/kinboat.com\/de\/blog\/extern\/anne-frank-haus-tickets\/\" aria-label=\"Anne Frank Haus Tickets\"><img loading=\"lazy\" decoding=\"async\" width=\"1024\" height=\"640\" src=\"https:\/\/kinboat.com\/wp-content\/uploads\/2025\/10\/anne_frank_huis-1024x640.jpg\" class=\"attachment-large size-large wp-post-image\" alt=\"The Anne Frank House on the Prinsengracht canal in Amsterdam, a historic museum dedicated to Anne Frank\u2019s story.\" srcset=\"https:\/\/kinboat.com\/wp-content\/uploads\/2025\/10\/anne_frank_huis-1024x640.jpg 1024w, https:\/\/kinboat.com\/wp-content\/uploads\/2025\/10\/anne_frank_huis-300x188.jpg 300w, https:\/\/kinboat.com\/wp-content\/uploads\/2025\/10\/anne_frank_huis.jpg 1600w\" sizes=\"(max-width: 1024px) 100vw, 1024px\" \/><\/a><\/div><h2 class=\"w-post-elm post_title usg_post_title_1 entry-title color_link_inherit\"><a href=\"https:\/\/kinboat.com\/de\/blog\/extern\/anne-frank-haus-tickets\/\">Anne Frank Haus Tickets<\/a><\/h2><div class=\"w-post-elm post_content usg_post_content_1\"><p>Besuchen Sie das Anne Frank Haus an der Prinsengracht. Gehen Sie durch den geheimen Anbau, lesen Sie Ausz\u00fcge aus ihrem Tagebuch und erleben Sie eine der ergreifendsten Geschichten der Geschichte. <\/p>\n<\/div><div class=\"w-text usg_text_1 has_text_color\"><a href=\"https:\/\/kinboat.com\/de\/blog\/extern\/anne-frank-haus-tickets\/\" class=\"w-text-h\"><span class=\"w-text-value\">LESEN SIE MEHR<\/span><\/a><\/div>\t\t<\/div>\r\n\t<\/article>\r\n\t<article class=\"w-grid-item post-5498 extern type-extern status-publish has-post-thumbnail hentry category-aktivitaten category-museen\" data-id=\"5498\">\r\n\t\t<div class=\"w-grid-item-h\">\r\n\t\t\t\t\t\t<div class=\"w-post-elm post_image usg_post_image_1 stretched\"><a href=\"https:\/\/kinboat.com\/de\/blog\/extern\/amsterdamer-zoo\/\" aria-label=\"Amsterdamer Zoo\"><img loading=\"lazy\" decoding=\"async\" width=\"900\" height=\"450\" src=\"https:\/\/kinboat.com\/wp-content\/uploads\/2025\/10\/royal_artis_wild_wolf.png\" class=\"attachment-large size-large wp-post-image\" alt=\"Alt-tekst: Grey wolf in ARTIS Amsterdam Zoo, part of the wildlife conservation program in the Royal ARTIS Zoo.\" srcset=\"https:\/\/kinboat.com\/wp-content\/uploads\/2025\/10\/royal_artis_wild_wolf.png 900w, https:\/\/kinboat.com\/wp-content\/uploads\/2025\/10\/royal_artis_wild_wolf-300x150.png 300w\" sizes=\"(max-width: 900px) 100vw, 900px\" \/><\/a><\/div><h2 class=\"w-post-elm post_title usg_post_title_1 entry-title color_link_inherit\"><a href=\"https:\/\/kinboat.com\/de\/blog\/extern\/amsterdamer-zoo\/\">Amsterdamer Zoo<\/a><\/h2><div class=\"w-post-elm post_content usg_post_content_1\"><p>Entdecken Sie den ARTIS Zoo Amsterdam &#8211; den \u00e4ltesten Zoo der Niederlande. Spazieren Sie vorbei an Elefanten, Affen und Flamingos und genie\u00dfen Sie die Ruhe des Parks mitten in der Stadt. Ein idealer Tagesausflug f\u00fcr Familien, Paare und Naturliebhaber.  <\/p>\n<\/div><div class=\"w-text usg_text_1 has_text_color\"><a href=\"https:\/\/kinboat.com\/de\/blog\/extern\/amsterdamer-zoo\/\" class=\"w-text-h\"><span class=\"w-text-value\">LESEN SIE MEHR<\/span><\/a><\/div>\t\t<\/div>\r\n\t<\/article>\r\n<\/div>\t<div class=\"g-preloader type_1\">\r\n\t\t<div><\/div>\r\n\t<\/div>\r\n\t\t<div class=\"w-grid-json hidden\" onclick='return {&quot;action&quot;:&quot;us_ajax_grid&quot;,&quot;ajax_url&quot;:&quot;https:\\\/\\\/kinboat.com\\\/wp-admin\\\/admin-ajax.php&quot;,&quot;infinite_scroll&quot;:0,&quot;max_num_pages&quot;:5,&quot;pagination&quot;:&quot;none&quot;,&quot;template_vars&quot;:{&quot;columns&quot;:&quot;3&quot;,&quot;exclude_items&quot;:&quot;none&quot;,&quot;img_size&quot;:&quot;default&quot;,&quot;ignore_items_size&quot;:0,&quot;items_layout&quot;:&quot;78&quot;,&quot;items_offset&quot;:&quot;1&quot;,&quot;load_animation&quot;:&quot;none&quot;,&quot;overriding_link&quot;:&quot;%7B%22url%22%3A%22%22%7D&quot;,&quot;post_id&quot;:0,&quot;query_args&quot;:{&quot;post_parent&quot;:0,&quot;post_type&quot;:&quot;any&quot;,&quot;ignore_sticky_posts&quot;:1,&quot;posts_per_page&quot;:&quot;10&quot;},&quot;orderby_query_args&quot;:{&quot;orderby&quot;:{&quot;date&quot;:&quot;DESC&quot;}},&quot;type&quot;:&quot;carousel&quot;,&quot;us_grid_ajax_index&quot;:1,&quot;us_grid_filter_params&quot;:[],&quot;us_grid_index&quot;:1,&quot;_us_grid_post_type&quot;:&quot;current_child_pages&quot;,&quot;page_args&quot;:[],&quot;lang&quot;:&quot;de&quot;},&quot;carousel_settings&quot;:{&quot;autoHeight&quot;:0,&quot;autoplay&quot;:0,&quot;carousel_fade&quot;:0,&quot;center&quot;:0,&quot;dots&quot;:0,&quot;items&quot;:&quot;3&quot;,&quot;loop&quot;:false,&quot;nav&quot;:0,&quot;slideby&quot;:&quot;1&quot;,&quot;smooth_play&quot;:0,&quot;speed&quot;:250,&quot;timeout&quot;:3000,&quot;transition&quot;:&quot;&quot;,&quot;aria_labels&quot;:{&quot;prev&quot;:&quot;Zur\\u00fcck&quot;,&quot;next&quot;:&quot;Weiter&quot;}},&quot;carousel_breakpoints&quot;:{&quot;0&quot;:{&quot;autoHeight&quot;:0,&quot;autoplay&quot;:1,&quot;autoplayHoverPause&quot;:1,&quot;items&quot;:1,&quot;loop&quot;:true,&quot;stagePadding&quot;:0},&quot;601&quot;:{&quot;autoHeight&quot;:0,&quot;autoplay&quot;:1,&quot;autoplayHoverPause&quot;:1,&quot;items&quot;:2,&quot;loop&quot;:false,&quot;stagePadding&quot;:0},&quot;1025&quot;:{&quot;autoHeight&quot;:0,&quot;autoplay&quot;:1,&quot;autoplayHoverPause&quot;:1,&quot;items&quot;:3,&quot;loop&quot;:false,&quot;stagePadding&quot;:0},&quot;1381&quot;:{&quot;items&quot;:3,&quot;stagePadding&quot;:0}}}'><\/div>\r\n\t<\/div><\/div><\/div><\/div><\/div><\/section>\n","protected":false},"excerpt":{"rendered":"ARTIS Zoo Amsterdam - Wo Stadt, Geschichte und Natur zusammenkommen Entfliehen Sie dem hektischen Treiben der Stadt und entdecken Sie die Ruhe des ARTIS Zoo Amsterdam - dem \u00e4ltesten Zoo der Niederlande und einem der sch\u00f6nsten Stadtparks der Welt. Im Herzen von Amsterdam, zwischen stattlichen Alleen und monumentalen Geb\u00e4uden, finden Sie eine gr\u00fcne Oase voller...","protected":false},"author":1,"featured_media":989,"parent":0,"menu_order":0,"comment_status":"closed","ping_status":"closed","template":"","meta":{"_acf_changed":false,"_improvement_type_select":"improve_an_existing","_thumb_yes_seoaic":false,"_frame_yes_seoaic":false,"seoaic_generate_description":"","seoaic_improve_instructions_prompt":"","seoaic_rollback_content_improvement":"","seoaic_idea_thumbnail_generator":"","thumbnail_generated":false,"thumbnail_generate_prompt":"","seoaic_article_description":"","footnotes":""},"class_list":["post-3269","page","type-page","status-publish","has-post-thumbnail","hentry"],"acf":[],"_links":{"self":[{"href":"https:\/\/kinboat.com\/de\/wp-json\/wp\/v2\/pages\/3269","targetHints":{"allow":["GET"]}}],"collection":[{"href":"https:\/\/kinboat.com\/de\/wp-json\/wp\/v2\/pages"}],"about":[{"href":"https:\/\/kinboat.com\/de\/wp-json\/wp\/v2\/types\/page"}],"author":[{"embeddable":true,"href":"https:\/\/kinboat.com\/de\/wp-json\/wp\/v2\/users\/1"}],"replies":[{"embeddable":true,"href":"https:\/\/kinboat.com\/de\/wp-json\/wp\/v2\/comments?post=3269"}],"version-history":[{"count":4,"href":"https:\/\/kinboat.com\/de\/wp-json\/wp\/v2\/pages\/3269\/revisions"}],"predecessor-version":[{"id":3275,"href":"https:\/\/kinboat.com\/de\/wp-json\/wp\/v2\/pages\/3269\/revisions\/3275"}],"wp:featuredmedia":[{"embeddable":true,"href":"https:\/\/kinboat.com\/de\/wp-json\/wp\/v2\/media\/989"}],"wp:attachment":[{"href":"https:\/\/kinboat.com\/de\/wp-json\/wp\/v2\/media?parent=3269"}],"curies":[{"name":"wp","href":"https:\/\/api.w.org\/{rel}","templated":true}]}}